{"id":4087,"date":"2022-08-23T02:51:20","date_gmt":"2022-08-23T02:51:20","guid":{"rendered":"https:\/\/corona-dentis.si\/home\/"},"modified":"2026-05-14T09:39:31","modified_gmt":"2026-05-14T09:39:31","slug":"home","status":"publish","type":"page","link":"https:\/\/corona-dentis.si\/de\/","title":{"rendered":"Home &#8211; Corona Dentis"},"content":{"rendered":"<div class=\"wpb-content-wrapper\"><p>[vc_row full_width=&#8220;stretch_row_content_no_spaces&#8220; background_color=&#8220;custom&#8220; custom_background_color=&#8220;#f2f6f9&#8243;][vc_column][tm_service style=&#8220;carousel_06&#8243; icon_effect=&#8220;dashed&#8220; equal_height=&#8220;1&#8243; carousel_gutter=&#8220;0&#8243; number=&#8220;20&#8243; carousel_items_display=&#8220;xs:1;sm:2;md:3;lg:4&#8243; carousel_auto_play=&#8220;5000&#8243;][\/vc_column][\/vc_row][vc_row full_width=&#8220;stretch_row&#8220; column_separator=&#8220;02&#8243; background_color=&#8220;gradient&#8220; background_gradient=&#8220;background: -webkit-gradient(linear, left top, left bottom, color-stop(0%, #F2F6F9), color-stop(79%, #FFFFFF));background: -moz-linear-gradient(top,#F2F6F9 0%,#FFFFFF 79%);background: -webkit-linear-gradient(top,#F2F6F9 0%,#FFFFFF 79%);background: -o-linear-gradient(top,#F2F6F9 0%,#FFFFFF 79%);background: -ms-linear-gradient(top,#F2F6F9 0%,#FFFFFF 79%);background: linear-gradient(top,#F2F6F9 0%,#FFFFFF 79%);&#8220;][vc_column][tm_spacer size=&#8220;lg:70&#8243;][tm_heading custom_google_font=&#8220;&#8220; font_weight=&#8220;500&#8243; text_transform=&#8220;uppercase&#8220; text_color=&#8220;custom&#8220; custom_text_color=&#8220;#486683&#8243; text=&#8220;\u00dcber uns&#8220; font_size=&#8220;lg:14&#8243; letter_spacing=&#8220;1.75px&#8220;][tm_spacer size=&#8220;lg:15&#8243;][vc_row_inner gutter=&#8220;sm:30;md:40;lg:60&#8243;][vc_column_inner offset=&#8220;vc_col-lg-6&#8243;][tm_heading custom_google_font=&#8220;&#8220; text=&#8220;Zahnzentrum Corona Dentis&#8220; font_size=&#8220;xs:36;lg:42&#8243;][tm_spacer size=&#8220;lg:20&#8243;][tm_button style=&#8220;text&#8220; icon_type=&#8220;fontawesome5&#8243; icon_fontawesome5=&#8220;far fa-long-arrow-alt-right&#8220; color=&#8220;custom&#8220; button_bg_color=&#8220;&#8220; font_color=&#8220;secondary&#8220; button_border_color=&#8220;&#8220; button_icon_color=&#8220;primary&#8220; button_bg_color_hover=&#8220;&#8220; font_color_hover=&#8220;&#8220; button_border_color_hover=&#8220;&#8220; button_icon_color_hover=&#8220;&#8220; button=&#8220;url:https%3A%2F%2Fcorona-dentis.si%2Fo-nas%2F|title:Mehr%20erfahren&#8220;][tm_spacer size=&#8220;md:35;lg:30&#8243;][\/vc_column_inner][vc_column_inner offset=&#8220;vc_col-lg-6&#8243;][tm_heading tag=&#8220;div&#8220; custom_google_font=&#8220;&#8220; text=&#8220;Corona Dentis ist ein modernes Zahnzentrum in Pesnica bei Maribor. Wir bieten umfassende stomatoprothetische Rehabilitation sowie spezialisierte Dienstleistungen im Bereich der Oralchirurgie (Implantate, Apikoektomien, &#8230;) an.&#8220; font_size=&#8220;lg:17&#8243;][tm_spacer size=&#8220;lg:30&#8243;][\/vc_column_inner][\/vc_row_inner][vc_row_inner gutter=&#8220;sm:30;md:40;lg:60&#8243;][vc_column_inner offset=&#8220;vc_col-lg-6&#8243;][tm_image align=&#8220;center&#8220; image=&#8220;2843&#8243;][\/vc_column_inner][vc_column_inner offset=&#8220;vc_col-lg-6 vc_hidden-sm vc_hidden-xs&#8220;][tm_image align=&#8220;center&#8220; image=&#8220;3213&#8243;][\/vc_column_inner][\/vc_row_inner][tm_spacer size=&#8220;md:50;lg:80&#8243;][\/vc_column][\/vc_row][vc_row full_width=&#8220;stretch_row&#8220; background_color=&#8220;custom&#8220; custom_background_color=&#8220;#f6f5f9&#8243;][vc_column][tm_spacer size=&#8220;lg:100&#8243;][tm_heading custom_google_font=&#8220;&#8220; font_weight=&#8220;500&#8243; text_transform=&#8220;uppercase&#8220; align=&#8220;center&#8220; text_color=&#8220;custom&#8220; custom_text_color=&#8220;#486683&#8243; text=&#8220;Warum wir die richtige Wahl f\u00fcr Sie sind?&#8220; font_size=&#8220;lg:14&#8243; letter_spacing=&#8220;1.75px&#8220;][tm_spacer size=&#8220;lg:15&#8243;][tm_heading custom_google_font=&#8220;&#8220; align=&#8220;center&#8220; text=&#8220;Weil wir seit \u00fcber 25 Jahren f\u00fcr ein gesundes L\u00e4cheln sorgen&#8220; font_size=&#8220;xs:36;lg:42&#8243;][tm_spacer size=&#8220;lg:70&#8243;][vc_row_inner gutter=&#8220;sm:30;md:50;lg:70&#8243;][vc_column_inner offset=&#8220;vc_col-lg-4&#8243;][tm_box_icon style=&#8220;10&#8243; icon_type=&#8220;smilepure&#8220; icon_smilepure=&#8220;smilepure-tooth&#8220; heading=&#8220;25+ Jahre Erfahrung&#8220; text=&#8220;Mehr als 25 Jahre Erfahrung im Bereich der Zahnmedizin.&#8220;][\/vc_column_inner][vc_column_inner offset=&#8220;vc_col-lg-4&#8243;][tm_box_icon style=&#8220;10&#8243; icon_type=&#8220;smilepure&#8220; icon_smilepure=&#8220;smilepure-dentist-chair&#8220; heading=&#8220;Modernste Ausstattung&#8220; text=&#8220;Spitzentechnologie, Fachwissen, beste Materialien, schmerzfreie Behandlung, Engagement und Ehrlichkeit.&#8220;][\/vc_column_inner][vc_column_inner offset=&#8220;vc_col-lg-4&#8243;][tm_box_icon style=&#8220;10&#8243; icon_type=&#8220;flaticon&#8220; icon_flaticon=&#8220;flaticon-013-blood-donation-2&#8243; heading=&#8220;Angenehme Umgebung&#8220; text=&#8220;Mit Hilfe unseres freundlichen Personals werden Sie die Angst vor dem Zahnarztbesuch endg\u00fcltig \u00fcberwinden und so f\u00fcr eine noch bessere Gesundheit Ihrer Z\u00e4hne in der Zukunft sorgen.&#8220;][\/vc_column_inner][\/vc_row_inner][vc_row_inner gutter=&#8220;sm:30;md:50;lg:70&#8243;][vc_column_inner offset=&#8220;vc_col-lg-4&#8243;][tm_box_icon style=&#8220;10&#8243; icon_type=&#8220;smilepure&#8220; icon_smilepure=&#8220;smilepure-tooth-4&#8243; heading=&#8220;Breites Spektrum an Leistungen&#8220; text=&#8220;Wir bieten sowohl kassen\u00e4rztliche als auch zahlreiche private zahn\u00e4rztliche Leistungen an.&#8220;][\/vc_column_inner][vc_column_inner offset=&#8220;vc_col-lg-4&#8243;][tm_box_icon style=&#8220;10&#8243; icon_type=&#8220;smilepure&#8220; icon_smilepure=&#8220;smilepure-broken-tooth&#8220; heading=&#8220;Ganzheitlicher Ansatz&#8220; text=&#8220;Vom ersten Besuch bis zum Abschluss der Behandlung sorgen wir f\u00fcr die bestm\u00f6gliche Patientenerfahrung.&#8220;][\/vc_column_inner][vc_column_inner offset=&#8220;vc_col-lg-4&#8243;][tm_box_icon style=&#8220;10&#8243; icon_type=&#8220;smilepure&#8220; icon_smilepure=&#8220;smilepure-tooth-7&#8243; heading=&#8220;Herausragende Ergebnisse&#8220; text=&#8220;Modernste Technologie hilft uns, Ihnen die besten Ergebnisse zu garantieren.&#8220;][\/vc_column_inner][\/vc_row_inner][tm_spacer size=&#8220;lg:30&#8243;][\/vc_column][\/vc_row][vc_row full_width=&#8220;stretch_row_content&#8220; lg_spacing=&#8220;padding_right:100;padding_left:100&#8243; md_spacing=&#8220;padding_right:70;padding_left:70&#8243; sm_spacing=&#8220;padding_right:50;padding_left:50&#8243; xs_spacing=&#8220;padding_right:30;padding_left:30&#8243;][vc_column][tm_spacer size=&#8220;lg:100&#8243;][tm_heading custom_google_font=&#8220;&#8220; font_weight=&#8220;500&#8243; text_transform=&#8220;uppercase&#8220; align=&#8220;center&#8220; text_color=&#8220;custom&#8220; custom_text_color=&#8220;#486683&#8243; text=&#8220;TREFFEN SIE DIE RICHTIGE ENTSCHEIDUNG&#8220; font_size=&#8220;lg:14&#8243; letter_spacing=&#8220;1.75px&#8220;][tm_spacer size=&#8220;lg:15&#8243;][tm_heading custom_google_font=&#8220;&#8220; align=&#8220;center&#8220; text=&#8220;Interessiert es Sie, wie der Behandlungsprozess abl\u00e4uft?&#8220; font_size=&#8220;xs:36;lg:42&#8243;][tm_spacer size=&#8220;lg:20&#8243;][tm_heading tag=&#8220;div&#8220; custom_google_font=&#8220;&#8220; align=&#8220;center&#8220; text=&#8220;Vom ersten Kontakt \u00fcber die unverbindliche Untersuchung bis hin zum Eingriff.&#8220; font_size=&#8220;lg:17&#8243; max_width=&#8220;630px&#8220;][tm_spacer size=&#8220;lg:70&#8243;][\/vc_column][\/vc_row][vc_row full_width=&#8220;stretch_row&#8220; background_size=&#8220;auto&#8220; background_image=&#8220;1029&#8243; background_position=&#8220;center top&#8220;][vc_column][tm_gradation list_style=&#8220;with_image&#8220; items=&#8220;%5B%7B%22image%22%3A%22167%22%2C%22title%22%3A%2201.%20Terminvereinbarung%22%2C%22text%22%3A%22Sie%20k%C3%B6nnen%20einen%20Termin%20telefonisch%2C%20per%20E-Mail%20bzw.%20%C3%BCber%20das%20Kontaktformular%20auf%20der%20Webseite%20vereinbaren%20oder%20uns%20pers%C3%B6nlich%20in%20unseren%20Praxen%20besuchen.%22%7D%2C%7B%22image%22%3A%22424%22%2C%22title%22%3A%2202.%20Erstuntersuchung%20und%20Diagnostik%22%2C%22text%22%3A%22Bei%20der%20Erstuntersuchung%20besprechen%20wir%20Ihre%20Probleme%20bzw.%20Erwartungen.%20Wir%20erstellen%20R%C3%B6ntgenaufnahmen%2C%20stellen%20den%20tats%C3%A4chlichen%20Zustand%20fest%20und%20erstellen%20einen%20Behandlungs-%20oder%20Versch%C3%B6nerungsplan.%22%7D%2C%7B%22image%22%3A%22631%22%2C%22title%22%3A%2203.%20Behandlung%2C%20Eingriff%20oder%20Therapie%22%2C%22text%22%3A%22Zum%20vereinbarten%20Termin%20beginnen%20wir%20mit%20der%20Umsetzung%20des%20Behandlungsplans%20oder%20f%C3%BCliren%20den%20notwendigen%20Eingriff%20durch.%20Wir%20beraten%20den%20Patienten%20%C3%BCber%20die%20angemessene%20Mundhygiene%20und%20deren%20Bedeutung%20f%C3%BCr%20eine%20erfolgreich%20abgeschlossene%20Behandlung%20und%20legen%20einen%20Kontrolltermin%20fest.%22%7D%2C%7B%22image%22%3A%22457%22%2C%22title%22%3A%2204.%20Nachuntersuchung%20und%20Patientenbetreuung%22%2C%22text%22%3A%22Mit%20einer%20Kontrolluntersuchung%20nach%20der%20Behandlung%20%C3%BCberpr%C3%BCfen%20wir%20den%20Zustand%20und%20die%20Hygiene%20in%20der%20Mundh%C3%B6hle.%20Wir%20empfehlen%20unseren%20Patienten%20regelm%C3%A4%C3%9Fige%20Kontrollen%20beim%20Zahnarzt%20f%C3%BCr%20die%20Gesundheit%20der%20Z%C3%A4hne%20und%20des%20Zahnhaltegewebes%20auch%20in%20der%20Zukunft.%22%7D%5D&#8220;][\/vc_column][\/vc_row][vc_row][vc_column][tm_spacer size=&#8220;lg:100&#8243;][\/vc_column][\/vc_row][vc_row full_width=&#8220;stretch_row&#8220; background_color=&#8220;custom&#8220; lg_spacing=&#8220;padding_top:100;padding_bottom:100&#8243; custom_background_color=&#8220;#f6f5f9&#8243;][vc_column][tm_heading custom_google_font=&#8220;&#8220; font_weight=&#8220;500&#8243; text_transform=&#8220;uppercase&#8220; align=&#8220;center&#8220; text_color=&#8220;custom&#8220; custom_text_color=&#8220;#486683&#8243; text=&#8220;Tipps &amp; Neuigkeiten&#8220; font_size=&#8220;lg:14&#8243; letter_spacing=&#8220;1.75px&#8220;][tm_spacer size=&#8220;lg:20&#8243;][tm_heading custom_google_font=&#8220;&#8220; align=&#8220;center&#8220; text=&#8220;f\u00fcr gesunde und sch\u00f6ne Z\u00e4hne&#8220; font_size=&#8220;xs:36;lg:42&#8243;][tm_spacer size=&#8220;lg:20&#8243;][tm_heading tag=&#8220;div&#8220; custom_google_font=&#8220;&#8220; align=&#8220;center&#8220; text=&#8220;Damit Sie immer \u00fcber aktuelle Nachrichten, die neuesten Tipps und alles Wichtige f\u00fcr Ihren Besuch bei uns sowie f\u00fcr die Gesundheit Ihrer Z\u00e4hne auf dem Laufenden bleiben.&#8220; font_size=&#8220;lg:17&#8243; max_width=&#8220;630px&#8220;][tm_spacer size=&#8220;lg:60&#8243;][vc_row_inner][vc_column_inner offset=&#8220;vc_col-lg-8&#8243;][tm_blog style=&#8220;grid_classic_01&#8243; gutter=&#8220;30&#8243; number=&#8220;2&#8243; columns=&#8220;xs:1;sm:2;lg:2&#8243;][tm_spacer size=&#8220;md:60&#8243;][\/vc_column_inner][vc_column_inner offset=&#8220;vc_col-lg-4&#8243;][tm_blog style=&#8220;list_simple_02&#8243; number=&#8220;3&#8243;][\/vc_column_inner][\/vc_row_inner][\/vc_column][\/vc_row][vc_row full_width=&#8220;stretch_row&#8220; overlay_background=&#8220;custom&#8220; overlay_opacity=&#8220;50&#8243; background_image=&#8220;555&#8243; lg_spacing=&#8220;padding_top:133;padding_bottom:122&#8243;][vc_column][tm_heading tag=&#8220;h4&#8243; custom_google_font=&#8220;&#8220; font_weight=&#8220;600&#8243; text_transform=&#8220;uppercase&#8220; align=&#8220;center&#8220; text_color=&#8220;custom&#8220; custom_text_color=&#8220;#ffffff&#8220; text=&#8220;Garantieren Sie Ihren Z\u00e4hnen die beste Pflege!&#8220; font_size=&#8220;sm:18;lg:26&#8243;][tm_spacer size=&#8220;lg:15&#8243;][tm_heading tag=&#8220;h4&#8243; custom_google_font=&#8220;&#8220; font_weight=&#8220;600&#8243; align=&#8220;center&#8220; text_color=&#8220;custom&#8220; custom_text_color=&#8220;#ffffff&#8220; text=&#8220;Die Sorge um die Gesundheit Ihrer Z\u00e4hne ist eng mit dem allgemeinen Gesundheitszustand, dem Wohlbefinden und dem Selbstwertgef\u00fchl verbunden.&#8220;][tm_spacer size=&#8220;lg:25&#8243;][tm_button style=&#8220;modern&#8220; align=&#8220;center&#8220; button=&#8220;url:https%3A%2F%2Fcorona-dentis.si%2Fde%2Funsere-praxis%2F|title:Erfahren%20Sie%20mehr%20%C3%BCber%20uns&#8220;][\/vc_column][\/vc_row]<\/p>\n<\/div>","protected":false},"excerpt":{"rendered":"<p>[vc_row full_width=&#8220;stretch_row_content_no_spaces&#8220; background_color=&#8220;custom&#8220; custom_background_color=&#8220;#f2f6f9&#8243;][vc_column][tm_service style=&#8220;carousel_06&#8243; icon_effect=&#8220;dashed&#8220; equal_height=&#8220;1&#8243; carousel_gutter=&#8220;0&#8243; number=&#8220;20&#8243; carousel_items_display=&#8220;xs:1;sm:2;md:3;lg:4&#8243; carousel_auto_play=&#8220;5000&#8243;][\/vc_column][\/vc_row][vc_row full_width=&#8220;stretch_row&#8220; column_separator=&#8220;02&#8243; background_color=&#8220;gradient&#8220; background_gradient=&#8220;background: -webkit-gradient(linear, left top, left bottom, color-stop(0%, #F2F6F9), color-stop(79%, #FFFFFF));background: -moz-linear-gradient(top,#F2F6F9 0%,#FFFFFF 79%);background: -webkit-linear-gradient(top,#F2F6F9 0%,#FFFFFF 79%);background: -o-linear-gradient(top,#F2F6F9 0%,#FFFFFF 79%);background: -ms-linear-gradient(top,#F2F6F9 0%,#FFFFFF 79%);background: linear-gradient(top,#F2F6F9 0%,#FFFFFF 79%);&#8220;][vc_column][tm_spacer size=&#8220;lg:70&#8243;][tm_heading custom_google_font=&#8220;&#8220; font_weight=&#8220;500&#8243; text_transform=&#8220;uppercase&#8220; text_color=&#8220;custom&#8220; custom_text_color=&#8220;#486683&#8243; text=&#8220;\u00dcber uns&#8220; font_size=&#8220;lg:14&#8243; letter_spacing=&#8220;1.75px&#8220;][tm_spacer size=&#8220;lg:15&#8243;][vc_row_inner gutter=&#8220;sm:30;md:40;lg:60&#8243;][vc_column_inner offset=&#8220;vc_col-lg-6&#8243;][tm_heading custom_google_font=&#8220;&#8220; text=&#8220;Zahnzentrum Corona Dentis&#8220; font_size=&#8220;xs:36;lg:42&#8243;][tm_spacer size=&#8220;lg:20&#8243;][tm_button style=&#8220;text&#8220; icon_type=&#8220;fontawesome5&#8243; icon_fontawesome5=&#8220;far fa-long-arrow-alt-right&#8220; color=&#8220;custom&#8220; button_bg_color=&#8220;&#8220; font_color=&#8220;secondary&#8220; button_border_color=&#8220;&#8220; button_icon_color=&#8220;primary&#8220; button_bg_color_hover=&#8220;&#8220; font_color_hover=&#8220;&#8220; button_border_color_hover=&#8220;&#8220; button_icon_color_hover=&#8220;&#8220; button=&#8220;url:https%3A%2F%2Fcorona-dentis.si%2Fo-nas%2F|title:Mehr%20erfahren&#8220;][tm_spacer size=&#8220;md:35;lg:30&#8243;][\/vc_column_inner][vc_column_inner offset=&#8220;vc_col-lg-6&#8243;][tm_heading tag=&#8220;div&#8220; custom_google_font=&#8220;&#8220; text=&#8220;Corona Dentis ist ein modernes Zahnzentrum in Pesnica bei Maribor. Wir bieten umfassende stomatoprothetische Rehabilitation sowie spezialisierte Dienstleistungen im Bereich der Oralchirurgie (Implantate, Apikoektomien, &#8230;) an.&#8220; font_size=&#8220;lg:17&#8243;][tm_spacer size=&#8220;lg:30&#8243;][\/vc_column_inner][\/vc_row_inner][vc_row_inner gutter=&#8220;sm:30;md:40;lg:60&#8243;][vc_column_inner offset=&#8220;vc_col-lg-6&#8243;][tm_image align=&#8220;center&#8220; image=&#8220;2843&#8243;][\/vc_column_inner][vc_column_inner offset=&#8220;vc_col-lg-6 vc_hidden-sm vc_hidden-xs&#8220;][tm_image align=&#8220;center&#8220; image=&#8220;3213&#8243;][\/vc_column_inner][\/vc_row_inner][tm_spacer size=&#8220;md:50;lg:80&#8243;][\/vc_column][\/vc_row][vc_row full_width=&#8220;stretch_row&#8220; background_color=&#8220;custom&#8220; custom_background_color=&#8220;#f6f5f9&#8243;][vc_column][tm_spacer size=&#8220;lg:100&#8243;][tm_heading custom_google_font=&#8220;&#8220; font_weight=&#8220;500&#8243; text_transform=&#8220;uppercase&#8220; align=&#8220;center&#8220; text_color=&#8220;custom&#8220; custom_text_color=&#8220;#486683&#8243; text=&#8220;Warum wir die richtige Wahl f\u00fcr Sie sind?&#8220; font_size=&#8220;lg:14&#8243; letter_spacing=&#8220;1.75px&#8220;][tm_spacer size=&#8220;lg:15&#8243;][tm_heading custom_google_font=&#8220;&#8220; align=&#8220;center&#8220; text=&#8220;Weil wir seit \u00fcber 25 Jahren f\u00fcr ein gesundes L\u00e4cheln sorgen&#8220; font_size=&#8220;xs:36;lg:42&#8243;][tm_spacer size=&#8220;lg:70&#8243;][vc_row_inner gutter=&#8220;sm:30;md:50;lg:70&#8243;][vc_column_inner offset=&#8220;vc_col-lg-4&#8243;][tm_box_icon style=&#8220;10&#8243; icon_type=&#8220;smilepure&#8220; icon_smilepure=&#8220;smilepure-tooth&#8220; heading=&#8220;25+ Jahre Erfahrung&#8220; text=&#8220;Mehr als 25 Jahre Erfahrung im Bereich der Zahnmedizin.&#8220;][\/vc_column_inner][vc_column_inner offset=&#8220;vc_col-lg-4&#8243;][tm_box_icon style=&#8220;10&#8243; icon_type=&#8220;smilepure&#8220; icon_smilepure=&#8220;smilepure-dentist-chair&#8220; heading=&#8220;Modernste Ausstattung&#8220; text=&#8220;Spitzentechnologie, Fachwissen, beste Materialien, schmerzfreie Behandlung, Engagement und Ehrlichkeit.&#8220;][\/vc_column_inner][vc_column_inner offset=&#8220;vc_col-lg-4&#8243;][tm_box_icon style=&#8220;10&#8243; icon_type=&#8220;flaticon&#8220; icon_flaticon=&#8220;flaticon-013-blood-donation-2&#8243; heading=&#8220;Angenehme Umgebung&#8220; text=&#8220;Mit Hilfe unseres freundlichen Personals werden Sie die Angst vor dem Zahnarztbesuch endg\u00fcltig \u00fcberwinden und so f\u00fcr eine noch bessere Gesundheit Ihrer Z\u00e4hne in der Zukunft sorgen.&#8220;][\/vc_column_inner][\/vc_row_inner][vc_row_inner gutter=&#8220;sm:30;md:50;lg:70&#8243;][vc_column_inner offset=&#8220;vc_col-lg-4&#8243;][tm_box_icon style=&#8220;10&#8243; icon_type=&#8220;smilepure&#8220; icon_smilepure=&#8220;smilepure-tooth-4&#8243; heading=&#8220;Breites Spektrum an Leistungen&#8220; text=&#8220;Wir bieten sowohl kassen\u00e4rztliche als auch zahlreiche private zahn\u00e4rztliche Leistungen an.&#8220;][\/vc_column_inner][vc_column_inner offset=&#8220;vc_col-lg-4&#8243;][tm_box_icon style=&#8220;10&#8243; icon_type=&#8220;smilepure&#8220; icon_smilepure=&#8220;smilepure-broken-tooth&#8220; heading=&#8220;Ganzheitlicher Ansatz&#8220; text=&#8220;Vom ersten Besuch bis zum Abschluss der Behandlung sorgen wir f\u00fcr die bestm\u00f6gliche Patientenerfahrung.&#8220;][\/vc_column_inner][vc_column_inner offset=&#8220;vc_col-lg-4&#8243;][tm_box_icon style=&#8220;10&#8243; icon_type=&#8220;smilepure&#8220; icon_smilepure=&#8220;smilepure-tooth-7&#8243; heading=&#8220;Herausragende Ergebnisse&#8220; text=&#8220;Modernste Technologie hilft uns, Ihnen die besten Ergebnisse zu garantieren.&#8220;][\/vc_column_inner][\/vc_row_inner][tm_spacer size=&#8220;lg:30&#8243;][\/vc_column][\/vc_row][vc_row full_width=&#8220;stretch_row_content&#8220; lg_spacing=&#8220;padding_right:100;padding_left:100&#8243; md_spacing=&#8220;padding_right:70;padding_left:70&#8243; sm_spacing=&#8220;padding_right:50;padding_left:50&#8243; xs_spacing=&#8220;padding_right:30;padding_left:30&#8243;][vc_column][tm_spacer size=&#8220;lg:100&#8243;][tm_heading custom_google_font=&#8220;&#8220; font_weight=&#8220;500&#8243; text_transform=&#8220;uppercase&#8220; align=&#8220;center&#8220; text_color=&#8220;custom&#8220; custom_text_color=&#8220;#486683&#8243; text=&#8220;TREFFEN SIE DIE RICHTIGE ENTSCHEIDUNG&#8220; font_size=&#8220;lg:14&#8243; letter_spacing=&#8220;1.75px&#8220;][tm_spacer size=&#8220;lg:15&#8243;][tm_heading custom_google_font=&#8220;&#8220; align=&#8220;center&#8220; text=&#8220;Interessiert es Sie, wie der Behandlungsprozess abl\u00e4uft?&#8220; font_size=&#8220;xs:36;lg:42&#8243;][tm_spacer size=&#8220;lg:20&#8243;][tm_heading tag=&#8220;div&#8220; custom_google_font=&#8220;&#8220; align=&#8220;center&#8220; text=&#8220;Vom ersten Kontakt \u00fcber die unverbindliche Untersuchung bis hin zum Eingriff.&#8220; font_size=&#8220;lg:17&#8243; max_width=&#8220;630px&#8220;][tm_spacer size=&#8220;lg:70&#8243;][\/vc_column][\/vc_row][vc_row full_width=&#8220;stretch_row&#8220; background_size=&#8220;auto&#8220; background_image=&#8220;1029&#8243; background_position=&#8220;center top&#8220;][vc_column][tm_gradation list_style=&#8220;with_image&#8220; items=&#8220;%5B%7B%22image%22%3A%22167%22%2C%22title%22%3A%2201.%20Terminvereinbarung%22%2C%22text%22%3A%22Sie%20k%C3%B6nnen%20einen%20Termin%20telefonisch%2C%20per%20E-Mail%20bzw.%20%C3%BCber%20das%20Kontaktformular%20auf%20der%20Webseite%20vereinbaren%20oder%20uns%20pers%C3%B6nlich%20in%20unseren%20Praxen%20besuchen.%22%7D%2C%7B%22image%22%3A%22424%22%2C%22title%22%3A%2202.%20Erstuntersuchung%20und%20Diagnostik%22%2C%22text%22%3A%22Bei%20der%20Erstuntersuchung%20besprechen%20wir%20Ihre%20Probleme%20bzw.%20Erwartungen.%20Wir%20erstellen%20R%C3%B6ntgenaufnahmen%2C%20stellen%20den%20tats%C3%A4chlichen%20Zustand%20fest%20und%20erstellen%20einen%20Behandlungs-%20oder%20Versch%C3%B6nerungsplan.%22%7D%2C%7B%22image%22%3A%22631%22%2C%22title%22%3A%2203.%20Behandlung%2C%20Eingriff%20oder%20Therapie%22%2C%22text%22%3A%22Zum%20vereinbarten%20Termin%20beginnen%20wir%20mit%20der%20Umsetzung%20des%20Behandlungsplans%20oder%20f%C3%BCliren%20den%20notwendigen%20Eingriff%20durch.%20Wir%20beraten%20den%20Patienten%20%C3%BCber%20die%20angemessene%20Mundhygiene%20und%20deren%20Bedeutung%20f%C3%BCr%20eine%20erfolgreich%20abgeschlossene%20Behandlung%20und%20legen%20einen%20Kontrolltermin%20fest.%22%7D%2C%7B%22image%22%3A%22457%22%2C%22title%22%3A%2204.%20Nachuntersuchung%20und%20Patientenbetreuung%22%2C%22text%22%3A%22Mit%20einer%20Kontrolluntersuchung%20nach%20der%20Behandlung%20%C3%BCberpr%C3%BCfen%20wir%20den%20Zustand%20und%20die%20Hygiene%20in%20der%20Mundh%C3%B6hle.%20Wir%20empfehlen%20unseren%20Patienten%20regelm%C3%A4%C3%9Fige%20Kontrollen%20beim%20Zahnarzt%20f%C3%BCr%20die%20Gesundheit%20der%20Z%C3%A4hne%20und%20des%20Zahnhaltegewebes%20auch%20in%20der%20Zukunft.%22%7D%5D&#8220;][\/vc_column][\/vc_row][vc_row][vc_column][tm_spacer size=&#8220;lg:100&#8243;][\/vc_column][\/vc_row][vc_row full_width=&#8220;stretch_row&#8220; background_color=&#8220;custom&#8220; lg_spacing=&#8220;padding_top:100;padding_bottom:100&#8243; custom_background_color=&#8220;#f6f5f9&#8243;][vc_column][tm_heading custom_google_font=&#8220;&#8220; font_weight=&#8220;500&#8243; text_transform=&#8220;uppercase&#8220; align=&#8220;center&#8220; text_color=&#8220;custom&#8220; custom_text_color=&#8220;#486683&#8243; text=&#8220;Tipps &amp; Neuigkeiten&#8220; font_size=&#8220;lg:14&#8243; letter_spacing=&#8220;1.75px&#8220;][tm_spacer size=&#8220;lg:20&#8243;][tm_heading custom_google_font=&#8220;&#8220; align=&#8220;center&#8220; text=&#8220;f\u00fcr gesunde und sch\u00f6ne Z\u00e4hne&#8220; font_size=&#8220;xs:36;lg:42&#8243;][tm_spacer size=&#8220;lg:20&#8243;][tm_heading tag=&#8220;div&#8220; custom_google_font=&#8220;&#8220; align=&#8220;center&#8220; text=&#8220;Damit Sie immer \u00fcber aktuelle Nachrichten, die neuesten Tipps und alles Wichtige f\u00fcr Ihren Besuch bei uns sowie f\u00fcr die Gesundheit Ihrer Z\u00e4hne auf dem Laufenden bleiben.&#8220; font_size=&#8220;lg:17&#8243; max_width=&#8220;630px&#8220;][tm_spacer size=&#8220;lg:60&#8243;][vc_row_inner][vc_column_inner offset=&#8220;vc_col-lg-8&#8243;][tm_blog style=&#8220;grid_classic_01&#8243; gutter=&#8220;30&#8243; number=&#8220;2&#8243; columns=&#8220;xs:1;sm:2;lg:2&#8243;][tm_spacer size=&#8220;md:60&#8243;][\/vc_column_inner][vc_column_inner offset=&#8220;vc_col-lg-4&#8243;][tm_blog style=&#8220;list_simple_02&#8243; number=&#8220;3&#8243;][\/vc_column_inner][\/vc_row_inner][\/vc_column][\/vc_row][vc_row full_width=&#8220;stretch_row&#8220; overlay_background=&#8220;custom&#8220; overlay_opacity=&#8220;50&#8243; background_image=&#8220;555&#8243; lg_spacing=&#8220;padding_top:133;padding_bottom:122&#8243;][vc_column][tm_heading tag=&#8220;h4&#8243; custom_google_font=&#8220;&#8220; font_weight=&#8220;600&#8243; text_transform=&#8220;uppercase&#8220; align=&#8220;center&#8220; text_color=&#8220;custom&#8220; custom_text_color=&#8220;#ffffff&#8220; text=&#8220;Garantieren Sie Ihren Z\u00e4hnen die beste Pflege!&#8220; font_size=&#8220;sm:18;lg:26&#8243;][tm_spacer size=&#8220;lg:15&#8243;][tm_heading tag=&#8220;h4&#8243; custom_google_font=&#8220;&#8220; font_weight=&#8220;600&#8243; align=&#8220;center&#8220; text_color=&#8220;custom&#8220; custom_text_color=&#8220;#ffffff&#8220; text=&#8220;Die Sorge um die Gesundheit Ihrer Z\u00e4hne ist eng mit dem allgemeinen Gesundheitszustand, dem Wohlbefinden und dem Selbstwertgef\u00fchl verbunden.&#8220;][tm_spacer size=&#8220;lg:25&#8243;][tm_button style=&#8220;modern&#8220; align=&#8220;center&#8220; button=&#8220;url:https%3A%2F%2Fcorona-dentis.si%2Fde%2Funsere-praxis%2F|title:Erfahren%20Sie%20mehr%20%C3%BCber%20uns&#8220;][\/vc_column][\/vc_row]<\/p>\n","protected":false},"author":1,"featured_media":0,"parent":0,"menu_order":0,"comment_status":"closed","ping_status":"closed","template":"","meta":{"footnotes":""},"class_list":["post-4087","page","type-page","status-publish","hentry"],"_links":{"self":[{"href":"https:\/\/corona-dentis.si\/de\/wp-json\/wp\/v2\/pages\/4087","targetHints":{"allow":["GET"]}}],"collection":[{"href":"https:\/\/corona-dentis.si\/de\/wp-json\/wp\/v2\/pages"}],"about":[{"href":"https:\/\/corona-dentis.si\/de\/wp-json\/wp\/v2\/types\/page"}],"author":[{"embeddable":true,"href":"https:\/\/corona-dentis.si\/de\/wp-json\/wp\/v2\/users\/1"}],"replies":[{"embeddable":true,"href":"https:\/\/corona-dentis.si\/de\/wp-json\/wp\/v2\/comments?post=4087"}],"version-history":[{"count":2,"href":"https:\/\/corona-dentis.si\/de\/wp-json\/wp\/v2\/pages\/4087\/revisions"}],"predecessor-version":[{"id":4184,"href":"https:\/\/corona-dentis.si\/de\/wp-json\/wp\/v2\/pages\/4087\/revisions\/4184"}],"wp:attachment":[{"href":"https:\/\/corona-dentis.si\/de\/wp-json\/wp\/v2\/media?parent=4087"}],"curies":[{"name":"wp","href":"https:\/\/api.w.org\/{rel}","templated":true}]}}