{"id":4148,"date":"2022-09-22T21:58:25","date_gmt":"2022-09-22T21:58:25","guid":{"rendered":"https:\/\/corona-dentis.si\/o-nas\/"},"modified":"2026-05-14T09:07:26","modified_gmt":"2026-05-14T09:07:26","slug":"unsere-praxis","status":"publish","type":"page","link":"https:\/\/corona-dentis.si\/de\/unsere-praxis\/","title":{"rendered":"Unsere Praxis"},"content":{"rendered":"<div class=\"wpb-content-wrapper\"><p>[vc_row full_width=&#8220;stretch_row&#8220; content_placement=&#8220;middle&#8220; lg_spacing=&#8220;padding_top:100;padding_bottom:30&#8243; gutter=&#8220;xs:30;sm:50;md:70;lg:100&#8243;][vc_column offset=&#8220;vc_col-lg-6&#8243;][tm_heading custom_google_font=&#8220;&#8220; text=&#8220;Kassen- und Privatordinationen an einem Ort&#8220; font_size=&#8220;sm:36;lg:42&#8243;][tm_spacer size=&#8220;lg:20&#8243;][tm_heading tag=&#8220;div&#8220; custom_google_font=&#8220;&#8220; text=&#8220;Corona Dentis je ein modernes Zahnzentrum in Pesnica bei Maribor. Wir bieten eine umfassende stomatoprothetische Rehabilitation sowie spezialisierte Leistungen im Bereich der Oralchirurgie (Implantate, Apikos, &#8230;) an.&#8220; font_size=&#8220;lg:17&#8243;][tm_spacer size=&#8220;lg:50&#8243;][tm_box_icon style=&#8220;10&#8243; icon_type=&#8220;smilepure&#8220; icon_smilepure=&#8220;smilepure-tooth-7&#8243; heading=&#8220;Bei uns stehen SIE an erster Stelle&#8220; text=&#8220;Behandlungen auf h\u00f6chstem fachlichem Niveau erm\u00f6glichen uns die Kombination des Wissens erfahrener Zahn\u00e4rzte, Kieferchirurgen, Kieferorthop\u00e4den und des unterst\u00fctzenden medizinischen Personals.&#8220; lg_spacing=&#8220;margin_bottom:40&#8243;][tm_box_icon style=&#8220;10&#8243; icon_type=&#8220;smilepure&#8220; icon_smilepure=&#8220;smilepure-tooth&#8220; heading=&#8220;Fachkompetenz, individuelle Betreuung, F\u00fcrsorge&#8220; text=&#8220;Unser Personal ist bestrebt, ein Umfeld zu schaffen, in dem Sie sich entspannt und wohl f\u00fchlen. Deshalb sind unsere Praxen auf die W\u00fcnsche unserer Patienten zugeschnitten \u2013 denn Sicherheit und Komfort stehen an oberster Stelle.&#8220; lg_spacing=&#8220;margin_bottom:40&#8243;][vc_column_text]Vereinbaren Sie einen Termin in einer unserer 5 modern ausgestatteten Ordinationen. <a href=\"https:\/\/corona-dentis.si\/ordinacije\/\">Termin vereinbaren \u00bb<\/a>[\/vc_column_text][tm_spacer size=&#8220;lg:30&#8243;][\/vc_column][vc_column offset=&#8220;vc_col-lg-6&#8243;][tm_image align=&#8220;right&#8220; md_align=&#8220;left&#8220; sm_align=&#8220;left&#8220; xs_align=&#8220;left&#8220; image=&#8220;787&#8243;][tm_spacer size=&#8220;lg:30&#8243;][\/vc_column][\/vc_row][vc_row full_width=&#8220;stretch_row&#8220; lg_spacing=&#8220;padding_top:30;padding_bottom:30&#8243;][vc_column][tm_heading custom_google_font=&#8220;&#8220; align=&#8220;center&#8220; text=&#8220;Breites Leistungsangebot unter einem Dach&#8220; font_size=&#8220;sm:36;lg:42&#8243;][tm_spacer size=&#8220;lg:20&#8243;][tm_heading tag=&#8220;div&#8220; custom_google_font=&#8220;&#8220; align=&#8220;center&#8220; text=&#8220;Modernste Technologie hilft uns dabei, Behandlungen und Ergebnisse zu erzielen, die unsere Patienten begeistern.&#8220; font_size=&#8220;lg:17&#8243; max_width=&#8220;630px&#8220;][tm_spacer size=&#8220;lg:50&#8243;][tm_service style=&#8220;carousel_07&#8243; carousel_gutter=&#8220;20&#8243; number=&#8220;20&#8243; carousel_items_display=&#8220;xs:1;sm:2;md:3;lg:4&#8243; carousel_auto_play=&#8220;5000&#8243;][tm_spacer size=&#8220;lg:50&#8243;][vc_column_text]<\/p>\n<p style=\"text-align: center;\">Alle angebotenen Dienstleistungen finden Sie <a href=\"https:\/\/corona-dentis.si\/storitve\/\">HIER<\/a>.<\/p>\n<p>[\/vc_column_text][tm_spacer size=&#8220;lg:30&#8243;][\/vc_column][\/vc_row][vc_row][vc_column offset=&#8220;vc_col-md-offset-1 vc_col-md-10&#8243;][tm_spacer size=&#8220;lg:30&#8243;][tm_heading custom_google_font=&#8220;&#8220; align=&#8220;center&#8220; text=&#8220;\u00dcber die Jahre gewachsen&#8220; font_size=&#8220;sm:36;lg:42&#8243;][tm_spacer size=&#8220;lg:20&#8243;][tm_heading tag=&#8220;div&#8220; custom_google_font=&#8220;&#8220; align=&#8220;center&#8220; text=&#8220;Respekt vor der Vergangenheit, verantwortungsvolles Handeln in der Gegenwart und mutige Planung f\u00fcr die Zukunft \u2013 so zaubern wir bereits seit 1994 ein L\u00e4cheln in Gesichter.&#8220; font_size=&#8220;lg:17&#8243; max_width=&#8220;630px&#8220;][tm_spacer size=&#8220;lg:70&#8243;][tm_timeline items=&#8220;%5B%7B%22title%22%3A%22Unternehmensgr\u00fcndung%22%2C%22datetime%22%3A%221994%2F06%2F28%2016%3A47%22%2C%22text%22%3A%22Die%20ersten%20Schritte%20erfolgten%20im%20Jahr%201994%2C%20als%20wir%20das%20Unternehmen%20gr\u00fcndeten%20und%20mit%20unserer%20eigenst\u00e4ndigen%20Arbeit%20begannen.%22%7D%2C%7B%22title%22%3A%22Er\u00f6ffnung%20des%20Gesundheitszentrums%20Corona%20Dentis%22%2C%22datetime%22%3A%221996%2F02%2F20%2016%3A47%22%2C%22text%22%3A%22Das%20Streben%20nach%20Weiterentwicklung%20f\u00fchrte%20uns%20zu%20unserem%20eigenen%20Geb\u00e4ude%20in%20Pesnica%20bei%20Maribor%2C%20in%20dem%20wir%201996%20die%20Arbeit%20aufnahmen.%22%7D%2C%7B%22title%22%3A%22Er\u00f6ffnung%20des%20eigenen%20Dentallabors%22%2C%22datetime%22%3A%221997%2F07%2F08%2018%3A00%22%2C%22text%22%3A%22Aufgrund%20der%20hohen%20Anforderungen%20im%20technischen%20Bereich%20entschieden%20wir%20uns%20f\u00fcr%20die%20Er\u00f6ffnung%20eines%20hauseigenen%20Zahnlabors.%22%7D%2C%7B%22title%22%3A%22Erweiterung%20des%20Gesundheitszentrums%22%2C%22datetime%22%3A%222005%2F09%2F28%2008%3A00%22%2C%22text%22%3A%22Den%20urspr\u00fcnglichen%20Teil%20von%20Corona%20Dentis%20haben%20wir%20um%20zus\u00e4tzliche%20Ordinationen%20und%20Gesch\u00e4ftsr\u00e4ume%20erweitert.%22%7D%2C%7B%22title%22%3A%22H\u00f6chste%20Bonit\u00e4tsbewertung%20(AAA)%22%2C%22datetime%22%3A%222010%2F07%2F28%2015%3A00%22%2C%22text%22%3A%22Als%20Anerkennung%20f\u00fcr%20unsere%20Arbeit%20und%20hohe%20Gesch\u00e4ftsethik%20erhielten%20wir%20die%20h\u00f6chste%20Bonit\u00e4tsnote%20AAA%2C%20die%20wir%20bis%20heute%20halten.%22%7D%2C%7B%22title%22%3A%22Lizenz%20f\u00fcr%20Zoom!-Bleaching%22%2C%22datetime%22%3A%222012%2F12%2F30%2015%3A00%22%2C%22text%22%3A%22Um%20neuen%20Trends%20gerecht%20zu%20werden%2C%20haben%20wir%20die%20Lizenz%20f\u00fcr%20die%20professionelle%20Zahnaufhellung%20mit%20der%20Zoom!-Technik%20erworben.%22%7D%2C%7B%22title%22%3A%22Er\u00f6ffnung%20einer%20neuen%20Privatordination%22%2C%22datetime%22%3A%222017%2F12%2F30%2015%3A00%22%2C%22text%22%3A%22Wegen%20des%20wachsenden%20Arbeitsumfangs%20haben%20wir%20eine%20zus\u00e4tzliche%20Wahlarztordination%20mit%20modernster%20Ausstattung%20er\u00f6ffnet.%22%7D%2C%7B%22title%22%3A%22Neue%20Kassenordination%22%2C%22datetime%22%3A%222018%2F12%2F30%2015%3A00%22%2C%22text%22%3A%22Eine%20zus\u00e4tzliche%20Konzession%20erm\u00f6glichte%20uns%20die%20Er\u00f6ffnung%20einer%20weiteren%20Kassenordination.%22%7D%2C%7B%22title%22%3A%22Einf\u00fchrung%20des%20Ivoclar%20Intraoralscanners%22%2C%22datetime%22%3A%222019%2F03%2F30%2015%3A00%22%2C%22text%22%3A%22Die%20Digitalisierung%20schreitet%20voran%3A%20Wir%20arbeiten%20nun%20mit%20modernster%20Scan-Technologie%20f\u00fcr%20h\u00f6chste%20Pr\u00e4zision.%22%7D%2C%7B%22title%22%3A%22Eigenmarke%20f\u00fcr%20Aligner%3A%20Shine%22%2C%22datetime%22%3A%222020%2F01%2F30%2015%3A00%22%2C%22text%22%3A%22In%20unserem%20Labor%20haben%20wir%20eine%20eigene%20Produktion%20f\u00fcr%20unsichtbare%20Zahnspangen%20etabliert%20\u2013%20das%20Ergebnis%20jahrelanger%20Expertise.%22%7D%2C%7B%22title%22%3A%22Kieferorthop\u00e4dische%20Konzession%22%2C%22datetime%22%3A%222021%2F12%2F30%2015%3A00%22%2C%22text%22%3A%22Wir%20haben%20unsere%20erste%20Konzession%20f\u00fcr%20Kieferorthop\u00e4die%20erhalten%20und%20eine%20komplett%20neue%20Fachordination%20er\u00f6ffnet.%22%7D%5D&#8220;][tm_spacer size=&#8220;lg:100&#8243;][\/vc_column][\/vc_row][vc_row custom_border_color=&#8220;#ffffff&#8220; lg_spacing=&#8220;border_bottom:1&#8243;][vc_column][tm_heading custom_google_font=&#8220;&#8220; align=&#8220;center&#8220; text=&#8220;Das sagen unsere Patienten &#8230;&#8220; font_size=&#8220;sm:36;lg:42&#8243;][tm_spacer size=&#8220;lg:20&#8243;][tm_testimonial number=&#8220;9&#8243; centered=&#8220;1&#8243; auto_play=&#8220;5000&#8243; nav=&#8220;4&#8243; pagination=&#8220;7&#8243; carousel_gutter=&#8220;lg:0&#8243; carousel_items_display=&#8220;xs:1;lg:1&#8243;][tm_spacer size=&#8220;lg:50&#8243;][\/vc_column][\/vc_row][vc_row full_width=&#8220;stretch_row_content_no_spaces&#8220;][vc_column][vc_separator color=&#8220;custom&#8220; accent_color=&#8220;#eeeeee&#8220;][\/vc_column][\/vc_row][vc_row][vc_column width=&#8220;1\/3&#8243;][tm_box_icon style=&#8220;12&#8243; align=&#8220;center&#8220; icon_type=&#8220;fontawesome5&#8243; icon_fontawesome5=&#8220;fal fa-map-marker-alt&#8220; heading=&#8220;Pesnica pri Mariboru 42\/c&#8220; text=&#8220;2211 Pesnica pri Mariboru&#8220; link=&#8220;url:https%3A%2F%2Fgoo.gl%2Fmaps%2F3m27oxijt5L2|target:_blank&#8220;][\/vc_column][vc_column width=&#8220;1\/3&#8243;][tm_box_icon style=&#8220;12&#8243; align=&#8220;center&#8220; icon_type=&#8220;fontawesome5&#8243; icon_fontawesome5=&#8220;fal fa-envelope&#8220; heading=&#8220;info@corona-dentis.si&#8220; text=&#8220;Senden Sie uns eine E-Mail&#8220; link=&#8220;url:mailto%3Ainfo%40corona-dentis.si&#8220;][\/vc_column][vc_column width=&#8220;1\/3&#8243;][tm_box_icon style=&#8220;12&#8243; align=&#8220;center&#8220; icon_type=&#8220;fontawesome5&#8243; icon_fontawesome5=&#8220;fal fa-globe&#8220; heading=&#8220;www.corona-dentis.si&#8220; text=&#8220;Webseite&#8220; link=&#8220;url:http%3A%2F%2Fwww.corona-dentis.si&#8220;][\/vc_column][\/vc_row][vc_row full_width=&#8220;stretch_row&#8220; background_color=&#8220;primary&#8220; lg_spacing=&#8220;padding_top:23;padding_bottom:27&#8243;][vc_column][tm_heading custom_google_font=&#8220;&#8220; align=&#8220;center&#8220; text_color=&#8220;custom&#8220; custom_text_color=&#8220;#ffffff&#8220; icon_type=&#8220;fontawesome5&#8243; icon_fontawesome5=&#8220;fal fa-map-marker-alt&#8220; text=&#8220;Besuchen Sie uns in unserem Zahnzentrum&#8220; font_size=&#8220;lg:26&#8243; icon_font_size=&#8220;lg:36&#8243; link=&#8220;https:\/\/goo.gl\/maps\/3m27oxijt5L2&#8243;][\/vc_column][\/vc_row]<\/p>\n<\/div>","protected":false},"excerpt":{"rendered":"<p>[vc_row full_width=&#8220;stretch_row&#8220; content_placement=&#8220;middle&#8220; lg_spacing=&#8220;padding_top:100;padding_bottom:30&#8243; gutter=&#8220;xs:30;sm:50;md:70;lg:100&#8243;][vc_column offset=&#8220;vc_col-lg-6&#8243;][tm_heading custom_google_font=&#8220;&#8220; text=&#8220;Kassen- und Privatordinationen an einem Ort&#8220; font_size=&#8220;sm:36;lg:42&#8243;][tm_spacer size=&#8220;lg:20&#8243;][tm_heading tag=&#8220;div&#8220; custom_google_font=&#8220;&#8220; text=&#8220;Corona Dentis je ein modernes Zahnzentrum in Pesnica bei Maribor. Wir bieten eine umfassende stomatoprothetische Rehabilitation sowie spezialisierte Leistungen im Bereich der Oralchirurgie (Implantate, Apikos, &#8230;) an.&#8220; font_size=&#8220;lg:17&#8243;][tm_spacer size=&#8220;lg:50&#8243;][tm_box_icon style=&#8220;10&#8243; icon_type=&#8220;smilepure&#8220; icon_smilepure=&#8220;smilepure-tooth-7&#8243; heading=&#8220;Bei uns stehen SIE an erster Stelle&#8220; text=&#8220;Behandlungen auf h\u00f6chstem fachlichem Niveau erm\u00f6glichen uns die Kombination des Wissens erfahrener Zahn\u00e4rzte, Kieferchirurgen, Kieferorthop\u00e4den und des unterst\u00fctzenden medizinischen Personals.&#8220; lg_spacing=&#8220;margin_bottom:40&#8243;][tm_box_icon style=&#8220;10&#8243; icon_type=&#8220;smilepure&#8220; icon_smilepure=&#8220;smilepure-tooth&#8220; heading=&#8220;Fachkompetenz, individuelle Betreuung, F\u00fcrsorge&#8220; text=&#8220;Unser Personal ist bestrebt, ein Umfeld zu schaffen, in dem Sie sich entspannt und wohl f\u00fchlen. Deshalb sind unsere Praxen auf die W\u00fcnsche unserer Patienten zugeschnitten \u2013 denn Sicherheit und Komfort stehen an oberster Stelle.&#8220; lg_spacing=&#8220;margin_bottom:40&#8243;][vc_column_text]Vereinbaren Sie einen Termin in einer unserer 5 modern ausgestatteten Ordinationen. Termin vereinbaren \u00bb[\/vc_column_text][tm_spacer size=&#8220;lg:30&#8243;][\/vc_column][vc_column offset=&#8220;vc_col-lg-6&#8243;][tm_image align=&#8220;right&#8220; md_align=&#8220;left&#8220; sm_align=&#8220;left&#8220; xs_align=&#8220;left&#8220; image=&#8220;787&#8243;][tm_spacer size=&#8220;lg:30&#8243;][\/vc_column][\/vc_row][vc_row full_width=&#8220;stretch_row&#8220; lg_spacing=&#8220;padding_top:30;padding_bottom:30&#8243;][vc_column][tm_heading custom_google_font=&#8220;&#8220; align=&#8220;center&#8220; text=&#8220;Breites Leistungsangebot unter einem Dach&#8220; font_size=&#8220;sm:36;lg:42&#8243;][tm_spacer size=&#8220;lg:20&#8243;][tm_heading tag=&#8220;div&#8220; custom_google_font=&#8220;&#8220; align=&#8220;center&#8220; text=&#8220;Modernste Technologie hilft uns dabei, Behandlungen und Ergebnisse zu erzielen, die unsere Patienten begeistern.&#8220; font_size=&#8220;lg:17&#8243; max_width=&#8220;630px&#8220;][tm_spacer size=&#8220;lg:50&#8243;][tm_service style=&#8220;carousel_07&#8243; carousel_gutter=&#8220;20&#8243; number=&#8220;20&#8243; carousel_items_display=&#8220;xs:1;sm:2;md:3;lg:4&#8243; carousel_auto_play=&#8220;5000&#8243;][tm_spacer size=&#8220;lg:50&#8243;][vc_column_text] Alle angebotenen Dienstleistungen finden Sie HIER. [\/vc_column_text][tm_spacer size=&#8220;lg:30&#8243;][\/vc_column][\/vc_row][vc_row][vc_column offset=&#8220;vc_col-md-offset-1 vc_col-md-10&#8243;][tm_spacer size=&#8220;lg:30&#8243;][tm_heading custom_google_font=&#8220;&#8220; align=&#8220;center&#8220; text=&#8220;\u00dcber die Jahre gewachsen&#8220; font_size=&#8220;sm:36;lg:42&#8243;][tm_spacer size=&#8220;lg:20&#8243;][tm_heading tag=&#8220;div&#8220; custom_google_font=&#8220;&#8220; align=&#8220;center&#8220; text=&#8220;Respekt vor der Vergangenheit, verantwortungsvolles Handeln in der Gegenwart und mutige Planung f\u00fcr die Zukunft \u2013 so zaubern wir bereits seit 1994 ein L\u00e4cheln in Gesichter.&#8220; font_size=&#8220;lg:17&#8243; max_width=&#8220;630px&#8220;][tm_spacer size=&#8220;lg:70&#8243;][tm_timeline items=&#8220;%5B%7B%22title%22%3A%22Unternehmensgr\u00fcndung%22%2C%22datetime%22%3A%221994%2F06%2F28%2016%3A47%22%2C%22text%22%3A%22Die%20ersten%20Schritte%20erfolgten%20im%20Jahr%201994%2C%20als%20wir%20das%20Unternehmen%20gr\u00fcndeten%20und%20mit%20unserer%20eigenst\u00e4ndigen%20Arbeit%20begannen.%22%7D%2C%7B%22title%22%3A%22Er\u00f6ffnung%20des%20Gesundheitszentrums%20Corona%20Dentis%22%2C%22datetime%22%3A%221996%2F02%2F20%2016%3A47%22%2C%22text%22%3A%22Das%20Streben%20nach%20Weiterentwicklung%20f\u00fchrte%20uns%20zu%20unserem%20eigenen%20Geb\u00e4ude%20in%20Pesnica%20bei%20Maribor%2C%20in%20dem%20wir%201996%20die%20Arbeit%20aufnahmen.%22%7D%2C%7B%22title%22%3A%22Er\u00f6ffnung%20des%20eigenen%20Dentallabors%22%2C%22datetime%22%3A%221997%2F07%2F08%2018%3A00%22%2C%22text%22%3A%22Aufgrund%20der%20hohen%20Anforderungen%20im%20technischen%20Bereich%20entschieden%20wir%20uns%20f\u00fcr%20die%20Er\u00f6ffnung%20eines%20hauseigenen%20Zahnlabors.%22%7D%2C%7B%22title%22%3A%22Erweiterung%20des%20Gesundheitszentrums%22%2C%22datetime%22%3A%222005%2F09%2F28%2008%3A00%22%2C%22text%22%3A%22Den%20urspr\u00fcnglichen%20Teil%20von%20Corona%20Dentis%20haben%20wir%20um%20zus\u00e4tzliche%20Ordinationen%20und%20Gesch\u00e4ftsr\u00e4ume%20erweitert.%22%7D%2C%7B%22title%22%3A%22H\u00f6chste%20Bonit\u00e4tsbewertung%20(AAA)%22%2C%22datetime%22%3A%222010%2F07%2F28%2015%3A00%22%2C%22text%22%3A%22Als%20Anerkennung%20f\u00fcr%20unsere%20Arbeit%20und%20hohe%20Gesch\u00e4ftsethik%20erhielten%20wir%20die%20h\u00f6chste%20Bonit\u00e4tsnote%20AAA%2C%20die%20wir%20bis%20heute%20halten.%22%7D%2C%7B%22title%22%3A%22Lizenz%20f\u00fcr%20Zoom!-Bleaching%22%2C%22datetime%22%3A%222012%2F12%2F30%2015%3A00%22%2C%22text%22%3A%22Um%20neuen%20Trends%20gerecht%20zu%20werden%2C%20haben%20wir%20die%20Lizenz%20f\u00fcr%20die%20professionelle%20Zahnaufhellung%20mit%20der%20Zoom!-Technik%20erworben.%22%7D%2C%7B%22title%22%3A%22Er\u00f6ffnung%20einer%20neuen%20Privatordination%22%2C%22datetime%22%3A%222017%2F12%2F30%2015%3A00%22%2C%22text%22%3A%22Wegen%20des%20wachsenden%20Arbeitsumfangs%20haben%20wir%20eine%20zus\u00e4tzliche%20Wahlarztordination%20mit%20modernster%20Ausstattung%20er\u00f6ffnet.%22%7D%2C%7B%22title%22%3A%22Neue%20Kassenordination%22%2C%22datetime%22%3A%222018%2F12%2F30%2015%3A00%22%2C%22text%22%3A%22Eine%20zus\u00e4tzliche%20Konzession%20erm\u00f6glichte%20uns%20die%20Er\u00f6ffnung%20einer%20weiteren%20Kassenordination.%22%7D%2C%7B%22title%22%3A%22Einf\u00fchrung%20des%20Ivoclar%20Intraoralscanners%22%2C%22datetime%22%3A%222019%2F03%2F30%2015%3A00%22%2C%22text%22%3A%22Die%20Digitalisierung%20schreitet%20voran%3A%20Wir%20arbeiten%20nun%20mit%20modernster%20Scan-Technologie%20f\u00fcr%20h\u00f6chste%20Pr\u00e4zision.%22%7D%2C%7B%22title%22%3A%22Eigenmarke%20f\u00fcr%20Aligner%3A%20Shine%22%2C%22datetime%22%3A%222020%2F01%2F30%2015%3A00%22%2C%22text%22%3A%22In%20unserem%20Labor%20haben%20wir%20eine%20eigene%20Produktion%20f\u00fcr%20unsichtbare%20Zahnspangen%20etabliert%20\u2013%20das%20Ergebnis%20jahrelanger%20Expertise.%22%7D%2C%7B%22title%22%3A%22Kieferorthop\u00e4dische%20Konzession%22%2C%22datetime%22%3A%222021%2F12%2F30%2015%3A00%22%2C%22text%22%3A%22Wir%20haben%20unsere%20erste%20Konzession%20f\u00fcr%20Kieferorthop\u00e4die%20erhalten%20und%20eine%20komplett%20neue%20Fachordination%20er\u00f6ffnet.%22%7D%5D&#8220;][tm_spacer size=&#8220;lg:100&#8243;][\/vc_column][\/vc_row][vc_row custom_border_color=&#8220;#ffffff&#8220; lg_spacing=&#8220;border_bottom:1&#8243;][vc_column][tm_heading custom_google_font=&#8220;&#8220; align=&#8220;center&#8220; text=&#8220;Das sagen unsere Patienten &#8230;&#8220; font_size=&#8220;sm:36;lg:42&#8243;][tm_spacer size=&#8220;lg:20&#8243;][tm_testimonial number=&#8220;9&#8243; centered=&#8220;1&#8243; auto_play=&#8220;5000&#8243; nav=&#8220;4&#8243; pagination=&#8220;7&#8243; carousel_gutter=&#8220;lg:0&#8243; carousel_items_display=&#8220;xs:1;lg:1&#8243;][tm_spacer size=&#8220;lg:50&#8243;][\/vc_column][\/vc_row][vc_row full_width=&#8220;stretch_row_content_no_spaces&#8220;][vc_column][vc_separator color=&#8220;custom&#8220; accent_color=&#8220;#eeeeee&#8220;][\/vc_column][\/vc_row][vc_row][vc_column width=&#8220;1\/3&#8243;][tm_box_icon style=&#8220;12&#8243; align=&#8220;center&#8220; icon_type=&#8220;fontawesome5&#8243; icon_fontawesome5=&#8220;fal fa-map-marker-alt&#8220; heading=&#8220;Pesnica pri Mariboru 42\/c&#8220; text=&#8220;2211 Pesnica pri Mariboru&#8220; link=&#8220;url:https%3A%2F%2Fgoo.gl%2Fmaps%2F3m27oxijt5L2|target:_blank&#8220;][\/vc_column][vc_column width=&#8220;1\/3&#8243;][tm_box_icon style=&#8220;12&#8243; align=&#8220;center&#8220; icon_type=&#8220;fontawesome5&#8243; icon_fontawesome5=&#8220;fal fa-envelope&#8220; heading=&#8220;info@corona-dentis.si&#8220; text=&#8220;Senden Sie uns eine E-Mail&#8220; link=&#8220;url:mailto%3Ainfo%40corona-dentis.si&#8220;][\/vc_column][vc_column width=&#8220;1\/3&#8243;][tm_box_icon style=&#8220;12&#8243; align=&#8220;center&#8220; icon_type=&#8220;fontawesome5&#8243; icon_fontawesome5=&#8220;fal fa-globe&#8220; heading=&#8220;www.corona-dentis.si&#8220; text=&#8220;Webseite&#8220; link=&#8220;url:http%3A%2F%2Fwww.corona-dentis.si&#8220;][\/vc_column][\/vc_row][vc_row full_width=&#8220;stretch_row&#8220; background_color=&#8220;primary&#8220; lg_spacing=&#8220;padding_top:23;padding_bottom:27&#8243;][vc_column][tm_heading custom_google_font=&#8220;&#8220; align=&#8220;center&#8220; text_color=&#8220;custom&#8220; custom_text_color=&#8220;#ffffff&#8220; icon_type=&#8220;fontawesome5&#8243; icon_fontawesome5=&#8220;fal fa-map-marker-alt&#8220; text=&#8220;Besuchen Sie uns in unserem Zahnzentrum&#8220; font_size=&#8220;lg:26&#8243; icon_font_size=&#8220;lg:36&#8243; link=&#8220;https:\/\/goo.gl\/maps\/3m27oxijt5L2&#8243;][\/vc_column][\/vc_row]<\/p>\n","protected":false},"author":1,"featured_media":0,"parent":0,"menu_order":0,"comment_status":"closed","ping_status":"closed","template":"","meta":{"footnotes":""},"class_list":["post-4148","page","type-page","status-publish","hentry"],"_links":{"self":[{"href":"https:\/\/corona-dentis.si\/de\/wp-json\/wp\/v2\/pages\/4148","targetHints":{"allow":["GET"]}}],"collection":[{"href":"https:\/\/corona-dentis.si\/de\/wp-json\/wp\/v2\/pages"}],"about":[{"href":"https:\/\/corona-dentis.si\/de\/wp-json\/wp\/v2\/types\/page"}],"author":[{"embeddable":true,"href":"https:\/\/corona-dentis.si\/de\/wp-json\/wp\/v2\/users\/1"}],"replies":[{"embeddable":true,"href":"https:\/\/corona-dentis.si\/de\/wp-json\/wp\/v2\/comments?post=4148"}],"version-history":[{"count":2,"href":"https:\/\/corona-dentis.si\/de\/wp-json\/wp\/v2\/pages\/4148\/revisions"}],"predecessor-version":[{"id":4150,"href":"https:\/\/corona-dentis.si\/de\/wp-json\/wp\/v2\/pages\/4148\/revisions\/4150"}],"wp:attachment":[{"href":"https:\/\/corona-dentis.si\/de\/wp-json\/wp\/v2\/media?parent=4148"}],"curies":[{"name":"wp","href":"https:\/\/api.w.org\/{rel}","templated":true}]}}