{"id":4151,"date":"2022-09-22T22:25:48","date_gmt":"2022-09-22T22:25:48","guid":{"rendered":"https:\/\/corona-dentis.si\/ordinacija-5\/"},"modified":"2026-05-14T09:10:12","modified_gmt":"2026-05-14T09:10:12","slug":"behandlungsraum-5","status":"publish","type":"page","link":"https:\/\/corona-dentis.si\/de\/ordinationen\/behandlungsraum-5\/","title":{"rendered":"Behandlungsraum 5"},"content":{"rendered":"<div class=\"wpb-content-wrapper\"><p>[vc_row full_width=&#8220;stretch_row&#8220; content_placement=&#8220;middle&#8220; lg_spacing=&#8220;padding_top:100;padding_bottom:10&#8243; gutter=&#8220;xs:30;sm:50;md:70;lg:100&#8243;][vc_column offset=&#8220;vc_col-lg-6&#8243;][tm_heading custom_google_font=&#8220;&#8220; text=&#8220;Zahn\u00e4rztliche<br \/>\nOrdination 5&#8243; font_size=&#8220;sm:36;lg:42&#8243;][tm_spacer size=&#8220;lg:20&#8243;][tm_heading tag=&#8220;div&#8220; custom_google_font=&#8220;&#8220; text=&#8220;Die Ordination befindet sich im Erdgeschoss unseres Zahnzentrums und bietet Leistungen in den Bereichen Kieferorthop\u00e4die und Mundhygiene an. Kieferorthop\u00e4dische Leistungen werden ausschlie\u00dflich auf privater Basis (Wahlarzt) erbracht.&#8220; font_size=&#8220;lg:17&#8243;][tm_spacer size=&#8220;lg:10&#8243;][tm_heading tag=&#8220;div&#8220; custom_google_font=&#8220;&#8220; text=&#8220;<b>WICHTIG<\/b>: Aufgrund neuer gesetzlicher Bestimmungen zum Nachteil der Patienten ist uns seit dem 01.01.2026 die kieferorthop\u00e4dische Arbeit \u00fcber die ZZZS (Krankenkasse) untersagt. Dr. Stanojevi\u0107 steht Ihnen bei uns daher nur noch als Wahlarzt (Privat) und ohne Wartezeiten zur Verf\u00fcgung.&#8220; font_size=&#8220;lg:17&#8243;][tm_spacer size=&#8220;lg:50&#8243;][tm_box_icon style=&#8220;10&#8243; icon_type=&#8220;smilepure&#8220; icon_smilepure=&#8220;smilepure-dentist-1&#8243; heading=&#8220;Nade\u017eda Stanojevi\u0107, dr. dent. med., Fach\u00e4rztin f\u00fcr Kieferorthop\u00e4die&#8220; lg_spacing=&#8220;margin_bottom:40&#8243; text=&#8220;Medizinisches Personal:<br \/>\nAnja Ferlinc&#8220;][vc_row_inner][vc_column_inner width=&#8220;1\/2&#8243;][tm_box_icon style=&#8220;10&#8243; icon_type=&#8220;themify&#8220; icon_themify=&#8220;ion-ios-telephone&#8220; heading=&#8220;070 595 002&#8243; lg_spacing=&#8220;margin_bottom:40&#8243; link=&#8220;url:tel%3A%2B38670595002&#8243;][\/vc_column_inner][vc_column_inner width=&#8220;1\/2&#8243;][tm_box_icon style=&#8220;10&#8243; icon_type=&#8220;fontawesome5&#8243; icon_fontawesome5=&#8220;fal fa-envelope&#8220; heading=&#8220;ortodontija@corona-dentis.si&#8220; link=&#8220;url:mailto%3Aortodontija%40corona-dentis.si&#8220;][\/vc_column_inner][\/vc_row_inner][vc_row_inner][vc_column_inner width=&#8220;1\/2&#8243;][tm_box_icon style=&#8220;10&#8243; icon_type=&#8220;fontawesome5&#8243; icon_fontawesome5=&#8220;fal fa-user-clock&#8220; heading=&#8220;Telefonische Anmeldung:&#8220; text=&#8220;DI: 7:30 &#8211; 9:30<br \/>\nDO: 14:00 &#8211; 16:00<br \/>\nFR: 7:30 &#8211; 9:30&#8243; lg_spacing=&#8220;margin_bottom:40&#8243;][\/vc_column_inner][vc_column_inner width=&#8220;1\/2&#8243;][tm_box_icon style=&#8220;10&#8243; icon_type=&#8220;smilepure&#8220; icon_smilepure=&#8220;smilepure-teeth&#8220; heading=&#8220;Shine unsichtbare Zahnspangen&#8220; lg_spacing=&#8220;margin_bottom:40&#8243;][\/vc_column_inner][\/vc_row_inner][tm_spacer size=&#8220;lg:20&#8243;][vc_row_inner][vc_column_inner width=&#8220;1\/2&#8243;][tm_box_icon style=&#8220;10&#8243; icon_type=&#8220;themify&#8220; icon_themify=&#8220;ion-ios-telephone&#8220; heading=&#8220;070 717 000&#8243; lg_spacing=&#8220;margin_bottom:40&#8243; text=&#8220;Rufen Sie uns an!&#8220; link=&#8220;url:tel%3A%2B38670717000&#8243;][\/vc_column_inner][vc_column_inner width=&#8220;1\/2&#8243;][tm_box_icon style=&#8220;10&#8243; icon_type=&#8220;fontawesome5&#8243; icon_fontawesome5=&#8220;fal fa-envelope&#8220; heading=&#8220;shine@corona-dentis.si&#8220; text=&#8220;Kontakt f\u00fcr Mundhygiene&#8220; link=&#8220;url:mailto%3Ashine%40corona-dentis.si&#8220;][\/vc_column_inner][\/vc_row_inner][vc_row_inner][vc_column_inner width=&#8220;1\/2&#8243;][tm_box_icon style=&#8220;10&#8243; icon_type=&#8220;fontawesome5&#8243; icon_fontawesome5=&#8220;fal fa-user-clock&#8220; heading=&#8220;\u00d6ffnungszeiten:&#8220; text=&#8220;MO: 13:00 \u2013 19:00<br \/>\nDI: 8:00 \u2013 14:00<br \/>\nMI: 8:00 \u2013 14:00<br \/>\nDO: 13:00 \u2013 19:00<br \/>\nFR: 8:00 \u2013 14:00&#8243; lg_spacing=&#8220;margin_bottom:40&#8243;][\/vc_column_inner][vc_column_inner width=&#8220;1\/2&#8243;][\/vc_column_inner][\/vc_row_inner][vc_column_text]Interessieren Sie sich f\u00fcr unsere anderen Ordinationen? Mehr erfahren Sie <a style=\"text-decoration: underline;\" href=\"https:\/\/corona-dentis.si\/ordinacije\/\">HIER<\/a>.[\/vc_column_text][\/vc_column][vc_column offset=&#8220;vc_col-lg-6&#8243;][tm_image align=&#8220;right&#8220; md_align=&#8220;left&#8220; sm_align=&#8220;left&#8220; xs_align=&#8220;left&#8220; image=&#8220;787&#8243;][\/vc_column][\/vc_row][vc_row full_width=&#8220;stretch_row&#8220; lg_spacing=&#8220;padding_top:60;padding_bottom:60&#8243;][vc_column][tm_heading custom_google_font=&#8220;&#8220; align=&#8220;center&#8220; text=&#8220;Alle Leistungen an einem Ort&#8220; font_size=&#8220;sm:36;lg:42&#8243;][tm_spacer size=&#8220;lg:20&#8243;][tm_heading tag=&#8220;div&#8220; custom_google_font=&#8220;&#8220; align=&#8220;center&#8220; text=&#8220;Wir bieten Ihnen eine breite Palette an zahnmedizinischen Leistungen, die sowohl Ihre gesundheitlichen Probleme l\u00f6sen als auch die \u00c4sthetik Ihrer Z\u00e4hne verbessern.&#8220; font_size=&#8220;lg:17&#8243; max_width=&#8220;630px&#8220;][tm_spacer size=&#8220;lg:60&#8243;][tm_service style=&#8220;carousel_07&#8243; carousel_nav=&#8220;3&#8243; carousel_pagination=&#8220;1&#8243; carousel_gutter=&#8220;30&#8243; number=&#8220;20&#8243; carousel_items_display=&#8220;xs:1;sm:2;md:3;lg:3&#8243; carousel_auto_play=&#8220;5000&#8243;][tm_spacer size=&#8220;lg:30&#8243;][vc_column_text]<\/p>\n<p style=\"text-align: center;\"><a href=\"https:\/\/corona-dentis.si\/storitve\/\">Erfahren Sie mehr Details \u00fcber unsere Leistungen \u00bb<\/a><\/p>\n<p>[\/vc_column_text][\/vc_column][\/vc_row][vc_row full_width=&#8220;stretch_row_content_no_spaces&#8220;][vc_column][vc_separator color=&#8220;custom&#8220; accent_color=&#8220;#eeeeee&#8220;][\/vc_column][\/vc_row][vc_row column_separator=&#8220;01&#8243; lg_spacing=&#8220;padding_top:60&#8243; md_spacing=&#8220;padding_top:90;padding_bottom:30&#8243;][vc_column offset=&#8220;vc_col-lg-3 vc_col-md-6&#8243;][tm_box_icon style=&#8220;12&#8243; align=&#8220;center&#8220; icon_type=&#8220;fontawesome5&#8243; icon_fontawesome5=&#8220;fal fa-map-marker-alt&#8220; heading=&#8220;Pesnica pri Mariboru 42\/c&#8220; text=&#8220;2211 Pesnica pri Mariboru&#8220; link=&#8220;url:https%3A%2F%2Fgoo.gl%2Fmaps%2F3m27oxijt5L2|target:_blank&#8220;][\/vc_column][vc_column offset=&#8220;vc_col-lg-3 vc_col-md-6&#8243;][tm_box_icon style=&#8220;12&#8243; align=&#8220;center&#8220; icon_type=&#8220;fontawesome5&#8243; icon_fontawesome5=&#8220;fal fa-phone&#8220; heading=&#8220;070 595 002&#8243; text=&#8220;Kontakt f\u00fcr Kieferorthop\u00e4die&#8220; link=&#8220;url:tel%3A%2B38670595002&#8243;][tm_box_icon style=&#8220;12&#8243; align=&#8220;center&#8220; icon_type=&#8220;fontawesome5&#8243; icon_fontawesome5=&#8220;fal fa-phone&#8220; heading=&#8220;070 717 000&#8243; text=&#8220;Kontakt f\u00fcr Mundhygiene&#8220; link=&#8220;url:tel%3A%2B38670717000&#8243;][\/vc_column][vc_column offset=&#8220;vc_col-lg-3 vc_col-md-6&#8243;][tm_box_icon style=&#8220;12&#8243; align=&#8220;center&#8220; icon_type=&#8220;fontawesome5&#8243; icon_fontawesome5=&#8220;fal fa-envelope&#8220; heading=&#8220;ortodontija@corona-dentis.si&#8220; text=&#8220;Kontakt f\u00fcr Kieferorthop\u00e4die&#8220; link=&#8220;url:mailto%3Aortodontija%40corona-dentis.si&#8220;][tm_box_icon style=&#8220;12&#8243; align=&#8220;center&#8220; icon_type=&#8220;fontawesome5&#8243; icon_fontawesome5=&#8220;fal fa-envelope&#8220; heading=&#8220;shine@corona-dentis.si&#8220; text=&#8220;Kontakt f\u00fcr Mundhygiene&#8220; link=&#8220;url:mailto%3Ashine%40corona-dentis.si&#8220;][\/vc_column][vc_column offset=&#8220;vc_col-lg-3 vc_col-md-6&#8243;][tm_box_icon style=&#8220;12&#8243; align=&#8220;center&#8220; icon_type=&#8220;fontawesome5&#8243; icon_fontawesome5=&#8220;fal fa-globe&#8220; heading=&#8220;www.corona-dentis.si&#8220; text=&#8220;Webseite&#8220; link=&#8220;url:https%3A%2F%2Fwww.corona-dentis.si&#8220;][\/vc_column][\/vc_row][vc_row full_width=&#8220;stretch_row&#8220; background_color=&#8220;primary&#8220; lg_spacing=&#8220;padding_top:23;padding_bottom:27&#8243;][vc_column][tm_heading custom_google_font=&#8220;&#8220; align=&#8220;center&#8220; text_color=&#8220;custom&#8220; custom_text_color=&#8220;#ffffff&#8220; icon_type=&#8220;fontawesome5&#8243; icon_fontawesome5=&#8220;fal fa-map-marker-alt&#8220; text=&#8220;Besuchen Sie uns in unserem Zahnzentrum&#8220; font_size=&#8220;lg:26&#8243; icon_font_size=&#8220;lg:36&#8243; link=&#8220;https:\/\/goo.gl\/maps\/3m27oxijt5L2&#8243;][\/vc_column][\/vc_row]<\/p>\n<\/div>","protected":false},"excerpt":{"rendered":"<p>[vc_row full_width=&#8220;stretch_row&#8220; content_placement=&#8220;middle&#8220; lg_spacing=&#8220;padding_top:100;padding_bottom:10&#8243; gutter=&#8220;xs:30;sm:50;md:70;lg:100&#8243;][vc_column offset=&#8220;vc_col-lg-6&#8243;][tm_heading custom_google_font=&#8220;&#8220; text=&#8220;Zahn\u00e4rztliche Ordination 5&#8243; font_size=&#8220;sm:36;lg:42&#8243;][tm_spacer size=&#8220;lg:20&#8243;][tm_heading tag=&#8220;div&#8220; custom_google_font=&#8220;&#8220; text=&#8220;Die Ordination befindet sich im Erdgeschoss unseres Zahnzentrums und bietet Leistungen in den Bereichen Kieferorthop\u00e4die und Mundhygiene an. Kieferorthop\u00e4dische Leistungen werden ausschlie\u00dflich auf privater Basis (Wahlarzt) erbracht.&#8220; font_size=&#8220;lg:17&#8243;][tm_spacer size=&#8220;lg:10&#8243;][tm_heading tag=&#8220;div&#8220; custom_google_font=&#8220;&#8220; text=&#8220;WICHTIG: Aufgrund neuer gesetzlicher Bestimmungen zum Nachteil der Patienten ist uns seit dem 01.01.2026 die kieferorthop\u00e4dische Arbeit \u00fcber die ZZZS (Krankenkasse) untersagt. Dr. Stanojevi\u0107 steht Ihnen bei uns daher nur noch als Wahlarzt (Privat) und ohne Wartezeiten zur Verf\u00fcgung.&#8220; font_size=&#8220;lg:17&#8243;][tm_spacer size=&#8220;lg:50&#8243;][tm_box_icon style=&#8220;10&#8243; icon_type=&#8220;smilepure&#8220; icon_smilepure=&#8220;smilepure-dentist-1&#8243; heading=&#8220;Nade\u017eda Stanojevi\u0107, dr. dent. med., Fach\u00e4rztin f\u00fcr Kieferorthop\u00e4die&#8220; lg_spacing=&#8220;margin_bottom:40&#8243; text=&#8220;Medizinisches Personal: Anja Ferlinc&#8220;][vc_row_inner][vc_column_inner width=&#8220;1\/2&#8243;][tm_box_icon style=&#8220;10&#8243; icon_type=&#8220;themify&#8220; icon_themify=&#8220;ion-ios-telephone&#8220; heading=&#8220;070 595 002&#8243; lg_spacing=&#8220;margin_bottom:40&#8243; link=&#8220;url:tel%3A%2B38670595002&#8243;][\/vc_column_inner][vc_column_inner width=&#8220;1\/2&#8243;][tm_box_icon style=&#8220;10&#8243; icon_type=&#8220;fontawesome5&#8243; icon_fontawesome5=&#8220;fal fa-envelope&#8220; heading=&#8220;ortodontija@corona-dentis.si&#8220; link=&#8220;url:mailto%3Aortodontija%40corona-dentis.si&#8220;][\/vc_column_inner][\/vc_row_inner][vc_row_inner][vc_column_inner width=&#8220;1\/2&#8243;][tm_box_icon style=&#8220;10&#8243; icon_type=&#8220;fontawesome5&#8243; icon_fontawesome5=&#8220;fal fa-user-clock&#8220; heading=&#8220;Telefonische Anmeldung:&#8220; text=&#8220;DI: 7:30 &#8211; 9:30 DO: 14:00 &#8211; 16:00 FR: 7:30 &#8211; 9:30&#8243; lg_spacing=&#8220;margin_bottom:40&#8243;][\/vc_column_inner][vc_column_inner width=&#8220;1\/2&#8243;][tm_box_icon style=&#8220;10&#8243; icon_type=&#8220;smilepure&#8220; icon_smilepure=&#8220;smilepure-teeth&#8220; heading=&#8220;Shine unsichtbare Zahnspangen&#8220; lg_spacing=&#8220;margin_bottom:40&#8243;][\/vc_column_inner][\/vc_row_inner][tm_spacer size=&#8220;lg:20&#8243;][vc_row_inner][vc_column_inner width=&#8220;1\/2&#8243;][tm_box_icon style=&#8220;10&#8243; icon_type=&#8220;themify&#8220; icon_themify=&#8220;ion-ios-telephone&#8220; heading=&#8220;070 717 000&#8243; lg_spacing=&#8220;margin_bottom:40&#8243; text=&#8220;Rufen Sie uns an!&#8220; link=&#8220;url:tel%3A%2B38670717000&#8243;][\/vc_column_inner][vc_column_inner width=&#8220;1\/2&#8243;][tm_box_icon style=&#8220;10&#8243; icon_type=&#8220;fontawesome5&#8243; icon_fontawesome5=&#8220;fal fa-envelope&#8220; heading=&#8220;shine@corona-dentis.si&#8220; text=&#8220;Kontakt f\u00fcr Mundhygiene&#8220; link=&#8220;url:mailto%3Ashine%40corona-dentis.si&#8220;][\/vc_column_inner][\/vc_row_inner][vc_row_inner][vc_column_inner width=&#8220;1\/2&#8243;][tm_box_icon style=&#8220;10&#8243; icon_type=&#8220;fontawesome5&#8243; icon_fontawesome5=&#8220;fal fa-user-clock&#8220; heading=&#8220;\u00d6ffnungszeiten:&#8220; text=&#8220;MO: 13:00 \u2013 19:00 DI: 8:00 \u2013 14:00 MI: 8:00 \u2013 14:00 DO: 13:00 \u2013 19:00 FR: 8:00 \u2013 14:00&#8243; lg_spacing=&#8220;margin_bottom:40&#8243;][\/vc_column_inner][vc_column_inner width=&#8220;1\/2&#8243;][\/vc_column_inner][\/vc_row_inner][vc_column_text]Interessieren Sie sich f\u00fcr unsere anderen Ordinationen? Mehr erfahren Sie HIER.[\/vc_column_text][\/vc_column][vc_column offset=&#8220;vc_col-lg-6&#8243;][tm_image align=&#8220;right&#8220; md_align=&#8220;left&#8220; sm_align=&#8220;left&#8220; xs_align=&#8220;left&#8220; image=&#8220;787&#8243;][\/vc_column][\/vc_row][vc_row full_width=&#8220;stretch_row&#8220; lg_spacing=&#8220;padding_top:60;padding_bottom:60&#8243;][vc_column][tm_heading custom_google_font=&#8220;&#8220; align=&#8220;center&#8220; text=&#8220;Alle Leistungen an einem Ort&#8220; font_size=&#8220;sm:36;lg:42&#8243;][tm_spacer size=&#8220;lg:20&#8243;][tm_heading tag=&#8220;div&#8220; custom_google_font=&#8220;&#8220; align=&#8220;center&#8220; text=&#8220;Wir bieten Ihnen eine breite Palette an zahnmedizinischen Leistungen, die sowohl Ihre gesundheitlichen Probleme l\u00f6sen als auch die \u00c4sthetik Ihrer Z\u00e4hne verbessern.&#8220; font_size=&#8220;lg:17&#8243; max_width=&#8220;630px&#8220;][tm_spacer size=&#8220;lg:60&#8243;][tm_service style=&#8220;carousel_07&#8243; carousel_nav=&#8220;3&#8243; carousel_pagination=&#8220;1&#8243; carousel_gutter=&#8220;30&#8243; number=&#8220;20&#8243; carousel_items_display=&#8220;xs:1;sm:2;md:3;lg:3&#8243; carousel_auto_play=&#8220;5000&#8243;][tm_spacer size=&#8220;lg:30&#8243;][vc_column_text] Erfahren Sie mehr Details \u00fcber unsere Leistungen \u00bb [\/vc_column_text][\/vc_column][\/vc_row][vc_row full_width=&#8220;stretch_row_content_no_spaces&#8220;][vc_column][vc_separator color=&#8220;custom&#8220; accent_color=&#8220;#eeeeee&#8220;][\/vc_column][\/vc_row][vc_row column_separator=&#8220;01&#8243; lg_spacing=&#8220;padding_top:60&#8243; md_spacing=&#8220;padding_top:90;padding_bottom:30&#8243;][vc_column offset=&#8220;vc_col-lg-3 vc_col-md-6&#8243;][tm_box_icon style=&#8220;12&#8243; align=&#8220;center&#8220; icon_type=&#8220;fontawesome5&#8243; icon_fontawesome5=&#8220;fal fa-map-marker-alt&#8220; heading=&#8220;Pesnica pri Mariboru 42\/c&#8220; text=&#8220;2211 Pesnica pri Mariboru&#8220; link=&#8220;url:https%3A%2F%2Fgoo.gl%2Fmaps%2F3m27oxijt5L2|target:_blank&#8220;][\/vc_column][vc_column offset=&#8220;vc_col-lg-3 vc_col-md-6&#8243;][tm_box_icon style=&#8220;12&#8243; align=&#8220;center&#8220; icon_type=&#8220;fontawesome5&#8243; icon_fontawesome5=&#8220;fal fa-phone&#8220; heading=&#8220;070 595 002&#8243; text=&#8220;Kontakt f\u00fcr Kieferorthop\u00e4die&#8220; link=&#8220;url:tel%3A%2B38670595002&#8243;][tm_box_icon style=&#8220;12&#8243; align=&#8220;center&#8220; icon_type=&#8220;fontawesome5&#8243; icon_fontawesome5=&#8220;fal fa-phone&#8220; heading=&#8220;070 717 000&#8243; text=&#8220;Kontakt f\u00fcr Mundhygiene&#8220; link=&#8220;url:tel%3A%2B38670717000&#8243;][\/vc_column][vc_column offset=&#8220;vc_col-lg-3 vc_col-md-6&#8243;][tm_box_icon style=&#8220;12&#8243; align=&#8220;center&#8220; icon_type=&#8220;fontawesome5&#8243; icon_fontawesome5=&#8220;fal fa-envelope&#8220; heading=&#8220;ortodontija@corona-dentis.si&#8220; text=&#8220;Kontakt f\u00fcr Kieferorthop\u00e4die&#8220; link=&#8220;url:mailto%3Aortodontija%40corona-dentis.si&#8220;][tm_box_icon style=&#8220;12&#8243; align=&#8220;center&#8220; icon_type=&#8220;fontawesome5&#8243; icon_fontawesome5=&#8220;fal fa-envelope&#8220; heading=&#8220;shine@corona-dentis.si&#8220; text=&#8220;Kontakt f\u00fcr Mundhygiene&#8220; link=&#8220;url:mailto%3Ashine%40corona-dentis.si&#8220;][\/vc_column][vc_column offset=&#8220;vc_col-lg-3 vc_col-md-6&#8243;][tm_box_icon style=&#8220;12&#8243; align=&#8220;center&#8220; icon_type=&#8220;fontawesome5&#8243; icon_fontawesome5=&#8220;fal fa-globe&#8220; heading=&#8220;www.corona-dentis.si&#8220; text=&#8220;Webseite&#8220; link=&#8220;url:https%3A%2F%2Fwww.corona-dentis.si&#8220;][\/vc_column][\/vc_row][vc_row full_width=&#8220;stretch_row&#8220; background_color=&#8220;primary&#8220; lg_spacing=&#8220;padding_top:23;padding_bottom:27&#8243;][vc_column][tm_heading custom_google_font=&#8220;&#8220; align=&#8220;center&#8220; text_color=&#8220;custom&#8220; custom_text_color=&#8220;#ffffff&#8220; icon_type=&#8220;fontawesome5&#8243; icon_fontawesome5=&#8220;fal fa-map-marker-alt&#8220; text=&#8220;Besuchen Sie uns in unserem Zahnzentrum&#8220; font_size=&#8220;lg:26&#8243; icon_font_size=&#8220;lg:36&#8243; link=&#8220;https:\/\/goo.gl\/maps\/3m27oxijt5L2&#8243;][\/vc_column][\/vc_row]<\/p>\n","protected":false},"author":1,"featured_media":0,"parent":4154,"menu_order":0,"comment_status":"closed","ping_status":"closed","template":"","meta":{"footnotes":""},"class_list":["post-4151","page","type-page","status-publish","hentry"],"_links":{"self":[{"href":"https:\/\/corona-dentis.si\/de\/wp-json\/wp\/v2\/pages\/4151","targetHints":{"allow":["GET"]}}],"collection":[{"href":"https:\/\/corona-dentis.si\/de\/wp-json\/wp\/v2\/pages"}],"about":[{"href":"https:\/\/corona-dentis.si\/de\/wp-json\/wp\/v2\/types\/page"}],"author":[{"embeddable":true,"href":"https:\/\/corona-dentis.si\/de\/wp-json\/wp\/v2\/users\/1"}],"replies":[{"embeddable":true,"href":"https:\/\/corona-dentis.si\/de\/wp-json\/wp\/v2\/comments?post=4151"}],"version-history":[{"count":1,"href":"https:\/\/corona-dentis.si\/de\/wp-json\/wp\/v2\/pages\/4151\/revisions"}],"predecessor-version":[{"id":4152,"href":"https:\/\/corona-dentis.si\/de\/wp-json\/wp\/v2\/pages\/4151\/revisions\/4152"}],"up":[{"embeddable":true,"href":"https:\/\/corona-dentis.si\/de\/wp-json\/wp\/v2\/pages\/4154"}],"wp:attachment":[{"href":"https:\/\/corona-dentis.si\/de\/wp-json\/wp\/v2\/media?parent=4151"}],"curies":[{"name":"wp","href":"https:\/\/api.w.org\/{rel}","templated":true}]}}