{"id":4170,"date":"2022-09-22T22:25:08","date_gmt":"2022-09-22T22:25:08","guid":{"rendered":"https:\/\/corona-dentis.si\/ordinationen\/ordinacija-3\/"},"modified":"2026-05-14T09:24:04","modified_gmt":"2026-05-14T09:24:04","slug":"behandlungsraum-3","status":"publish","type":"page","link":"https:\/\/corona-dentis.si\/de\/ordinationen\/behandlungsraum-3\/","title":{"rendered":"Behandlungsraum 3"},"content":{"rendered":"<div class=\"wpb-content-wrapper\"><p>[vc_row full_width=&#8220;stretch_row&#8220; content_placement=&#8220;middle&#8220; lg_spacing=&#8220;padding_top:100;padding_bottom:10&#8243; gutter=&#8220;xs:30;sm:50;md:70;lg:100&#8243;][vc_column offset=&#8220;vc_col-lg-6&#8243;][tm_heading custom_google_font=&#8220;&#8220; text=&#8220;Zahn\u00e4rztliche<br \/>\nOrdination 3&#8243; font_size=&#8220;sm:36;lg:42&#8243;][tm_spacer size=&#8220;lg:20&#8243;][tm_heading tag=&#8220;div&#8220; custom_google_font=&#8220;&#8220; text=&#8220;Die Ordination befindet sich im zweiten Stock und bietet sowohl Leistungen f\u00fcr Selbstzahler (Privat) als auch f\u00fcr Kassenpatienten an. Neben den Standardbehandlungen f\u00fchren wir in der Ordination 3 auch Eingriffe aus dem Bereich der Oralchirurgie durch.&#8220; font_size=&#8220;lg:17&#8243;][tm_spacer size=&#8220;lg:50&#8243;][tm_box_icon style=&#8220;10&#8243; icon_type=&#8220;smilepure&#8220; icon_smilepure=&#8220;smilepure-dentist-1&#8243; heading=&#8220;Bla\u017e Fluher, dr. dent. med.&#8220; lg_spacing=&#8220;margin_bottom:40&#8243; text=&#8220;Medizinisches Personal:<br \/>\nJo\u017eica Kozar<br \/>\nAndreja Ducman&#8220;][vc_row_inner][vc_column_inner width=&#8220;1\/2&#8243;][tm_box_icon style=&#8220;10&#8243; icon_type=&#8220;themify&#8220; icon_themify=&#8220;ion-ios-telephone&#8220; heading=&#8220;070 595 300&#8243; lg_spacing=&#8220;margin_bottom:40&#8243; link=&#8220;url:tel%3A%2B38670595300&#8243; text=&#8220;Rufen Sie uns an!&#8220;][\/vc_column_inner][vc_column_inner width=&#8220;1\/2&#8243;][tm_box_icon style=&#8220;10&#8243; icon_type=&#8220;fontawesome5&#8243; icon_fontawesome5=&#8220;fal fa-envelope&#8220; heading=&#8220;ord3@corona-dentis.si&#8220; text=&#8220;Senden Sie uns eine E-Mail&#8220; link=&#8220;url:mailto%3Aord3%40corona-dentis.si&#8220;][\/vc_column_inner][\/vc_row_inner][vc_row_inner][vc_column_inner width=&#8220;1\/2&#8243;][tm_box_icon style=&#8220;10&#8243; icon_type=&#8220;fontawesome5&#8243; icon_fontawesome5=&#8220;fal fa-user-clock&#8220; heading=&#8220;\u00d6ffnungszeiten (Privat):&#8220; text=&#8220;MO: 13:00 &#8211; 20:00<br \/>\nDI: 10:30 &#8211; 14:00<br \/>\nMI: 7:30 &#8211; 14:00<br \/>\nDO: 13:00 &#8211; 14:30 und 17:00 &#8211; 20:00<br \/>\nFR: 7:30 &#8211; 13:00&#8243; lg_spacing=&#8220;margin_bottom:40&#8243;][\/vc_column_inner][vc_column_inner width=&#8220;1\/2&#8243;][tm_box_icon style=&#8220;10&#8243; icon_type=&#8220;fontawesome5&#8243; icon_fontawesome5=&#8220;fal fa-user-clock&#8220; heading=&#8220;\u00d6ffnungszeiten (Kasse):&#8220; text=&#8220;DI: 8:00 &#8211; 10:30<br \/>\nDO: 14:30 &#8211; 17:00&#8243; lg_spacing=&#8220;margin_bottom:40&#8243;][\/vc_column_inner][\/vc_row_inner][tm_box_icon style=&#8220;10&#8243; icon_type=&#8220;smilepure&#8220; icon_smilepure=&#8220;smilepure-dentist-1&#8243; heading=&#8220;Primo\u017e Jager, dr. dent. med., Facharzt f\u00fcr Oralchirurgie&#8220; lg_spacing=&#8220;margin_bottom:40&#8243; text=&#8220;Die Ordinationszeiten von dr. Jager erfolgen ausschlie\u00dflich nach Vereinbarung.&#8220;][vc_column_text]Interessieren Sie sich f\u00fcr unsere anderen Ordinationen? Mehr erfahren Sie <a style=\"text-decoration: underline;\" href=\"https:\/\/corona-dentis.si\/de\/ordinationen\/\">HIER<\/a>.[\/vc_column_text][\/vc_column][vc_column offset=&#8220;vc_col-lg-6&#8243;][tm_image align=&#8220;right&#8220; md_align=&#8220;left&#8220; sm_align=&#8220;left&#8220; xs_align=&#8220;left&#8220; image=&#8220;787&#8243;][\/vc_column][\/vc_row][vc_row full_width=&#8220;stretch_row&#8220; lg_spacing=&#8220;padding_top:60;padding_bottom:60&#8243;][vc_column][tm_heading custom_google_font=&#8220;&#8220; align=&#8220;center&#8220; text=&#8220;Alle Leistungen an einem Ort&#8220; font_size=&#8220;sm:36;lg:42&#8243;][tm_spacer size=&#8220;lg:20&#8243;][tm_heading tag=&#8220;div&#8220; custom_google_font=&#8220;&#8220; align=&#8220;center&#8220; text=&#8220;Wir bieten Ihnen eine Palette an zahnmedizinischen Leistungen, die sowohl Ihre gesundheitlichen Probleme l\u00f6sen als auch die \u00c4sthetik Ihrer Z\u00e4hne verbessern.&#8220; font_size=&#8220;lg:17&#8243; max_width=&#8220;630px&#8220;][tm_spacer size=&#8220;lg:60&#8243;][tm_service style=&#8220;carousel_07&#8243; carousel_nav=&#8220;3&#8243; carousel_pagination=&#8220;1&#8243; carousel_gutter=&#8220;30&#8243; number=&#8220;20&#8243; carousel_items_display=&#8220;xs:1;sm:2;md:3;lg:3&#8243; carousel_auto_play=&#8220;5000&#8243;][tm_spacer size=&#8220;lg:30&#8243;][vc_column_text]<\/p>\n<p style=\"text-align: center;\"><a href=\"https:\/\/corona-dentis.si\/storitve\/\">Erfahren Sie mehr Details \u00fcber unsere Leistungen \u00bb<\/a><\/p>\n<p>[\/vc_column_text][\/vc_column][\/vc_row][vc_row full_width=&#8220;stretch_row_content_no_spaces&#8220;][vc_column][vc_separator color=&#8220;custom&#8220; accent_color=&#8220;#eeeeee&#8220;][\/vc_column][\/vc_row][vc_row column_separator=&#8220;01&#8243; lg_spacing=&#8220;padding_top:60&#8243; md_spacing=&#8220;padding_top:90;padding_bottom:30&#8243;][vc_column offset=&#8220;vc_col-lg-3 vc_col-md-6&#8243;][tm_box_icon style=&#8220;12&#8243; align=&#8220;center&#8220; icon_type=&#8220;fontawesome5&#8243; icon_fontawesome5=&#8220;fal fa-map-marker-alt&#8220; heading=&#8220;Pesnica pri Mariboru 42\/c&#8220; text=&#8220;2211 Pesnica pri Mariboru&#8220; link=&#8220;url:https%3A%2F%2Fgoo.gl%2Fmaps%2F3m27oxijt5L2|target:_blank&#8220;][\/vc_column][vc_column offset=&#8220;vc_col-lg-3 vc_col-md-6&#8243;][tm_box_icon style=&#8220;12&#8243; align=&#8220;center&#8220; icon_type=&#8220;fontawesome5&#8243; icon_fontawesome5=&#8220;fal fa-phone&#8220; heading=&#8220;070 595 300&#8243; text=&#8220;Telefonischer Kontakt&#8220; link=&#8220;url:tel%3A%2B38670595300&#8243;][\/vc_column][vc_column offset=&#8220;vc_col-lg-3 vc_col-md-6&#8243;][tm_box_icon style=&#8220;12&#8243; align=&#8220;center&#8220; icon_type=&#8220;fontawesome5&#8243; icon_fontawesome5=&#8220;fal fa-envelope&#8220; heading=&#8220;ord3@corona-dentis.si&#8220; text=&#8220;Senden Sie uns eine E-Mail&#8220; link=&#8220;url:mailto%3Aord3%40corona-dentis.si&#8220;][\/vc_column][vc_column offset=&#8220;vc_col-lg-3 vc_col-md-6&#8243;][tm_box_icon style=&#8220;12&#8243; align=&#8220;center&#8220; icon_type=&#8220;fontawesome5&#8243; icon_fontawesome5=&#8220;fal fa-globe&#8220; heading=&#8220;www.corona-dentis.si&#8220; text=&#8220;Webseite&#8220; link=&#8220;url:https%3A%2F%2Fwww.corona-dentis.si&#8220;][\/vc_column][\/vc_row][vc_row full_width=&#8220;stretch_row&#8220; background_color=&#8220;primary&#8220; lg_spacing=&#8220;padding_top:23;padding_bottom:27&#8243;][vc_column][tm_heading custom_google_font=&#8220;&#8220; align=&#8220;center&#8220; text_color=&#8220;custom&#8220; custom_text_color=&#8220;#ffffff&#8220; icon_type=&#8220;fontawesome5&#8243; icon_fontawesome5=&#8220;fal fa-map-marker-alt&#8220; text=&#8220;Besuchen Sie uns in unserem Zahnzentrum&#8220; font_size=&#8220;lg:26&#8243; icon_font_size=&#8220;lg:36&#8243; link=&#8220;https:\/\/goo.gl\/maps\/3m27oxijt5L2&#8243;][\/vc_column][\/vc_row]<\/p>\n<\/div>","protected":false},"excerpt":{"rendered":"<p>[vc_row full_width=&#8220;stretch_row&#8220; content_placement=&#8220;middle&#8220; lg_spacing=&#8220;padding_top:100;padding_bottom:10&#8243; gutter=&#8220;xs:30;sm:50;md:70;lg:100&#8243;][vc_column offset=&#8220;vc_col-lg-6&#8243;][tm_heading custom_google_font=&#8220;&#8220; text=&#8220;Zahn\u00e4rztliche Ordination 3&#8243; font_size=&#8220;sm:36;lg:42&#8243;][tm_spacer size=&#8220;lg:20&#8243;][tm_heading tag=&#8220;div&#8220; custom_google_font=&#8220;&#8220; text=&#8220;Die Ordination befindet sich im zweiten Stock und bietet sowohl Leistungen f\u00fcr Selbstzahler (Privat) als auch f\u00fcr Kassenpatienten an. Neben den Standardbehandlungen f\u00fchren wir in der Ordination 3 auch Eingriffe aus dem Bereich der Oralchirurgie durch.&#8220; font_size=&#8220;lg:17&#8243;][tm_spacer size=&#8220;lg:50&#8243;][tm_box_icon style=&#8220;10&#8243; icon_type=&#8220;smilepure&#8220; icon_smilepure=&#8220;smilepure-dentist-1&#8243; heading=&#8220;Bla\u017e Fluher, dr. dent. med.&#8220; lg_spacing=&#8220;margin_bottom:40&#8243; text=&#8220;Medizinisches Personal: Jo\u017eica Kozar Andreja Ducman&#8220;][vc_row_inner][vc_column_inner width=&#8220;1\/2&#8243;][tm_box_icon style=&#8220;10&#8243; icon_type=&#8220;themify&#8220; icon_themify=&#8220;ion-ios-telephone&#8220; heading=&#8220;070 595 300&#8243; lg_spacing=&#8220;margin_bottom:40&#8243; link=&#8220;url:tel%3A%2B38670595300&#8243; text=&#8220;Rufen Sie uns an!&#8220;][\/vc_column_inner][vc_column_inner width=&#8220;1\/2&#8243;][tm_box_icon style=&#8220;10&#8243; icon_type=&#8220;fontawesome5&#8243; icon_fontawesome5=&#8220;fal fa-envelope&#8220; heading=&#8220;ord3@corona-dentis.si&#8220; text=&#8220;Senden Sie uns eine E-Mail&#8220; link=&#8220;url:mailto%3Aord3%40corona-dentis.si&#8220;][\/vc_column_inner][\/vc_row_inner][vc_row_inner][vc_column_inner width=&#8220;1\/2&#8243;][tm_box_icon style=&#8220;10&#8243; icon_type=&#8220;fontawesome5&#8243; icon_fontawesome5=&#8220;fal fa-user-clock&#8220; heading=&#8220;\u00d6ffnungszeiten (Privat):&#8220; text=&#8220;MO: 13:00 &#8211; 20:00 DI: 10:30 &#8211; 14:00 MI: 7:30 &#8211; 14:00 DO: 13:00 &#8211; 14:30 und 17:00 &#8211; 20:00 FR: 7:30 &#8211; 13:00&#8243; lg_spacing=&#8220;margin_bottom:40&#8243;][\/vc_column_inner][vc_column_inner width=&#8220;1\/2&#8243;][tm_box_icon style=&#8220;10&#8243; icon_type=&#8220;fontawesome5&#8243; icon_fontawesome5=&#8220;fal fa-user-clock&#8220; heading=&#8220;\u00d6ffnungszeiten (Kasse):&#8220; text=&#8220;DI: 8:00 &#8211; 10:30 DO: 14:30 &#8211; 17:00&#8243; lg_spacing=&#8220;margin_bottom:40&#8243;][\/vc_column_inner][\/vc_row_inner][tm_box_icon style=&#8220;10&#8243; icon_type=&#8220;smilepure&#8220; icon_smilepure=&#8220;smilepure-dentist-1&#8243; heading=&#8220;Primo\u017e Jager, dr. dent. med., Facharzt f\u00fcr Oralchirurgie&#8220; lg_spacing=&#8220;margin_bottom:40&#8243; text=&#8220;Die Ordinationszeiten von dr. Jager erfolgen ausschlie\u00dflich nach Vereinbarung.&#8220;][vc_column_text]Interessieren Sie sich f\u00fcr unsere anderen Ordinationen? Mehr erfahren Sie HIER.[\/vc_column_text][\/vc_column][vc_column offset=&#8220;vc_col-lg-6&#8243;][tm_image align=&#8220;right&#8220; md_align=&#8220;left&#8220; sm_align=&#8220;left&#8220; xs_align=&#8220;left&#8220; image=&#8220;787&#8243;][\/vc_column][\/vc_row][vc_row full_width=&#8220;stretch_row&#8220; lg_spacing=&#8220;padding_top:60;padding_bottom:60&#8243;][vc_column][tm_heading custom_google_font=&#8220;&#8220; align=&#8220;center&#8220; text=&#8220;Alle Leistungen an einem Ort&#8220; font_size=&#8220;sm:36;lg:42&#8243;][tm_spacer size=&#8220;lg:20&#8243;][tm_heading tag=&#8220;div&#8220; custom_google_font=&#8220;&#8220; align=&#8220;center&#8220; text=&#8220;Wir bieten Ihnen eine Palette an zahnmedizinischen Leistungen, die sowohl Ihre gesundheitlichen Probleme l\u00f6sen als auch die \u00c4sthetik Ihrer Z\u00e4hne verbessern.&#8220; font_size=&#8220;lg:17&#8243; max_width=&#8220;630px&#8220;][tm_spacer size=&#8220;lg:60&#8243;][tm_service style=&#8220;carousel_07&#8243; carousel_nav=&#8220;3&#8243; carousel_pagination=&#8220;1&#8243; carousel_gutter=&#8220;30&#8243; number=&#8220;20&#8243; carousel_items_display=&#8220;xs:1;sm:2;md:3;lg:3&#8243; carousel_auto_play=&#8220;5000&#8243;][tm_spacer size=&#8220;lg:30&#8243;][vc_column_text] Erfahren Sie mehr Details \u00fcber unsere Leistungen \u00bb [\/vc_column_text][\/vc_column][\/vc_row][vc_row full_width=&#8220;stretch_row_content_no_spaces&#8220;][vc_column][vc_separator color=&#8220;custom&#8220; accent_color=&#8220;#eeeeee&#8220;][\/vc_column][\/vc_row][vc_row column_separator=&#8220;01&#8243; lg_spacing=&#8220;padding_top:60&#8243; md_spacing=&#8220;padding_top:90;padding_bottom:30&#8243;][vc_column offset=&#8220;vc_col-lg-3 vc_col-md-6&#8243;][tm_box_icon style=&#8220;12&#8243; align=&#8220;center&#8220; icon_type=&#8220;fontawesome5&#8243; icon_fontawesome5=&#8220;fal fa-map-marker-alt&#8220; heading=&#8220;Pesnica pri Mariboru 42\/c&#8220; text=&#8220;2211 Pesnica pri Mariboru&#8220; link=&#8220;url:https%3A%2F%2Fgoo.gl%2Fmaps%2F3m27oxijt5L2|target:_blank&#8220;][\/vc_column][vc_column offset=&#8220;vc_col-lg-3 vc_col-md-6&#8243;][tm_box_icon style=&#8220;12&#8243; align=&#8220;center&#8220; icon_type=&#8220;fontawesome5&#8243; icon_fontawesome5=&#8220;fal fa-phone&#8220; heading=&#8220;070 595 300&#8243; text=&#8220;Telefonischer Kontakt&#8220; link=&#8220;url:tel%3A%2B38670595300&#8243;][\/vc_column][vc_column offset=&#8220;vc_col-lg-3 vc_col-md-6&#8243;][tm_box_icon style=&#8220;12&#8243; align=&#8220;center&#8220; icon_type=&#8220;fontawesome5&#8243; icon_fontawesome5=&#8220;fal fa-envelope&#8220; heading=&#8220;ord3@corona-dentis.si&#8220; text=&#8220;Senden Sie uns eine E-Mail&#8220; link=&#8220;url:mailto%3Aord3%40corona-dentis.si&#8220;][\/vc_column][vc_column offset=&#8220;vc_col-lg-3 vc_col-md-6&#8243;][tm_box_icon style=&#8220;12&#8243; align=&#8220;center&#8220; icon_type=&#8220;fontawesome5&#8243; icon_fontawesome5=&#8220;fal fa-globe&#8220; heading=&#8220;www.corona-dentis.si&#8220; text=&#8220;Webseite&#8220; link=&#8220;url:https%3A%2F%2Fwww.corona-dentis.si&#8220;][\/vc_column][\/vc_row][vc_row full_width=&#8220;stretch_row&#8220; background_color=&#8220;primary&#8220; lg_spacing=&#8220;padding_top:23;padding_bottom:27&#8243;][vc_column][tm_heading custom_google_font=&#8220;&#8220; align=&#8220;center&#8220; text_color=&#8220;custom&#8220; custom_text_color=&#8220;#ffffff&#8220; icon_type=&#8220;fontawesome5&#8243; icon_fontawesome5=&#8220;fal fa-map-marker-alt&#8220; text=&#8220;Besuchen Sie uns in unserem Zahnzentrum&#8220; font_size=&#8220;lg:26&#8243; icon_font_size=&#8220;lg:36&#8243; link=&#8220;https:\/\/goo.gl\/maps\/3m27oxijt5L2&#8243;][\/vc_column][\/vc_row]<\/p>\n","protected":false},"author":1,"featured_media":0,"parent":4154,"menu_order":0,"comment_status":"closed","ping_status":"closed","template":"","meta":{"footnotes":""},"class_list":["post-4170","page","type-page","status-publish","hentry"],"_links":{"self":[{"href":"https:\/\/corona-dentis.si\/de\/wp-json\/wp\/v2\/pages\/4170","targetHints":{"allow":["GET"]}}],"collection":[{"href":"https:\/\/corona-dentis.si\/de\/wp-json\/wp\/v2\/pages"}],"about":[{"href":"https:\/\/corona-dentis.si\/de\/wp-json\/wp\/v2\/types\/page"}],"author":[{"embeddable":true,"href":"https:\/\/corona-dentis.si\/de\/wp-json\/wp\/v2\/users\/1"}],"replies":[{"embeddable":true,"href":"https:\/\/corona-dentis.si\/de\/wp-json\/wp\/v2\/comments?post=4170"}],"version-history":[{"count":1,"href":"https:\/\/corona-dentis.si\/de\/wp-json\/wp\/v2\/pages\/4170\/revisions"}],"predecessor-version":[{"id":4171,"href":"https:\/\/corona-dentis.si\/de\/wp-json\/wp\/v2\/pages\/4170\/revisions\/4171"}],"up":[{"embeddable":true,"href":"https:\/\/corona-dentis.si\/de\/wp-json\/wp\/v2\/pages\/4154"}],"wp:attachment":[{"href":"https:\/\/corona-dentis.si\/de\/wp-json\/wp\/v2\/media?parent=4170"}],"curies":[{"name":"wp","href":"https:\/\/api.w.org\/{rel}","templated":true}]}}