{"id":4172,"date":"2022-09-22T22:25:28","date_gmt":"2022-09-22T22:25:28","guid":{"rendered":"https:\/\/corona-dentis.si\/ordinationen\/ordinacija-4\/"},"modified":"2026-05-14T09:24:58","modified_gmt":"2026-05-14T09:24:58","slug":"behandlungsraum-4","status":"publish","type":"page","link":"https:\/\/corona-dentis.si\/de\/ordinationen\/behandlungsraum-4\/","title":{"rendered":"Behandlungsraum 4"},"content":{"rendered":"<div class=\"wpb-content-wrapper\"><p>[vc_row full_width=&#8220;stretch_row&#8220; content_placement=&#8220;middle&#8220; lg_spacing=&#8220;padding_top:100;padding_bottom:10&#8243; gutter=&#8220;xs:30;sm:50;md:70;lg:100&#8243;][vc_column offset=&#8220;vc_col-lg-6&#8243;][tm_heading custom_google_font=&#8220;&#8220; text=&#8220;Zobozdravstvena<br \/>\nordinacija 4&#8243; font_size=&#8220;sm:36;lg:42&#8243;][tm_spacer size=&#8220;lg:20&#8243;][tm_heading tag=&#8220;div&#8220; custom_google_font=&#8220;&#8220; text=&#8220;Ordinacija se nahaja v prvem nadstropju in izvaja zobozdravstvene storitve za samopla\u010dnike, prav tako pa nudi storitve tudi za koncesijske paciente.&#8220; font_size=&#8220;lg:17&#8243;][tm_spacer size=&#8220;lg:50&#8243;][tm_box_icon style=&#8220;10&#8243; icon_type=&#8220;smilepure&#8220; icon_smilepure=&#8220;smilepure-dentist-1&#8243; lg_spacing=&#8220;margin_bottom:40&#8243; text=&#8220;Medicinsko osebje:<br \/>\nNika Preksavec&#8220;][vc_row_inner][vc_column_inner width=&#8220;1\/2&#8243;][tm_box_icon style=&#8220;10&#8243; icon_type=&#8220;themify&#8220; icon_themify=&#8220;ion-ios-telephone&#8220; heading=&#8220;070 595 400&#8243; lg_spacing=&#8220;margin_bottom:40&#8243; text=&#8220;Pokli\u010dite nas!&#8220; link=&#8220;url:tel%3A%2B38670595400&#8243;][\/vc_column_inner][vc_column_inner width=&#8220;1\/2&#8243;][tm_box_icon style=&#8220;10&#8243; icon_type=&#8220;fontawesome5&#8243; icon_fontawesome5=&#8220;fal fa-envelope&#8220; heading=&#8220;ord4@corona-dentis.si&#8220; text=&#8220;Po\u0161iljite nam e-po\u0161to&#8220; link=&#8220;url:mailto%3Aord4%40corona-dentis.si&#8220;][\/vc_column_inner][\/vc_row_inner][vc_row_inner][vc_column_inner width=&#8220;1\/2&#8243;][tm_box_icon style=&#8220;10&#8243; icon_type=&#8220;fontawesome5&#8243; icon_fontawesome5=&#8220;fal fa-user-clock&#8220; heading=&#8220;Samopla\u010dni\u0161ki delovni \u010das:&#8220; text=&#8220;\/&#8220; lg_spacing=&#8220;margin_bottom:40&#8243;][\/vc_column_inner][vc_column_inner width=&#8220;1\/2&#8243;][tm_box_icon style=&#8220;10&#8243; icon_type=&#8220;fontawesome5&#8243; icon_fontawesome5=&#8220;fal fa-user-clock&#8220; heading=&#8220;Koncesijski delovni \u010das:&#8220; text=&#8220;\/&#8220; lg_spacing=&#8220;margin_bottom:40&#8243;][\/vc_column_inner][\/vc_row_inner][vc_column_text]Vas zanimajo na\u0161e ostale ordinacije? Ve\u010d lahko izveste <a style=\"text-decoration: underline;\" href=\"https:\/\/corona-dentis.si\/de\/ordinationen\/\">TUKAJ<\/a>.[\/vc_column_text][\/vc_column][vc_column offset=&#8220;vc_col-lg-6&#8243;][tm_image align=&#8220;right&#8220; md_align=&#8220;left&#8220; sm_align=&#8220;left&#8220; xs_align=&#8220;left&#8220; image=&#8220;787&#8243;][\/vc_column][\/vc_row][vc_row full_width=&#8220;stretch_row&#8220; lg_spacing=&#8220;padding_top:60;padding_bottom:60&#8243;][vc_column][tm_heading custom_google_font=&#8220;&#8220; align=&#8220;center&#8220; text=&#8220;Vse storitve na enem mestu&#8220; font_size=&#8220;sm:36;lg:42&#8243;][tm_spacer size=&#8220;lg:20&#8243;][tm_heading tag=&#8220;div&#8220; custom_google_font=&#8220;&#8220; align=&#8220;center&#8220; text=&#8220;Nudimo vam paleto zobozdravstvenih storitev, ki bodo re\u0161ile tako va\u0161e zdravstvene te\u017eave kakor tudi estetiko va\u0161ih zob.&#8220; font_size=&#8220;lg:17&#8243; max_width=&#8220;630px&#8220;][tm_spacer size=&#8220;lg:60&#8243;][tm_service style=&#8220;carousel_07&#8243; carousel_nav=&#8220;3&#8243; carousel_pagination=&#8220;1&#8243; carousel_gutter=&#8220;30&#8243; number=&#8220;20&#8243; carousel_items_display=&#8220;xs:1;sm:2;md:3;lg:3&#8243; carousel_auto_play=&#8220;5000&#8243;][tm_spacer size=&#8220;lg:60&#8243;][vc_column_text]<\/p>\n<p style=\"text-align: center;\"><a href=\"https:\/\/corona-dentis.si\/storitve\/\">Izvedite ve\u010d podrobnosti o na\u0161ih storitvah \u00bb<\/a><\/p>\n<p>[\/vc_column_text][\/vc_column][\/vc_row][vc_row full_width=&#8220;stretch_row_content_no_spaces&#8220;][vc_column][vc_separator color=&#8220;custom&#8220; accent_color=&#8220;#eeeeee&#8220;][\/vc_column][\/vc_row][vc_row column_separator=&#8220;01&#8243; lg_spacing=&#8220;padding_top:60&#8243; md_spacing=&#8220;padding_top:90;padding_bottom:30&#8243;][vc_column offset=&#8220;vc_col-lg-3 vc_col-md-6&#8243;][tm_box_icon style=&#8220;12&#8243; align=&#8220;center&#8220; icon_type=&#8220;fontawesome5&#8243; icon_fontawesome5=&#8220;fal fa-map-marker-alt&#8220; heading=&#8220;Pesnica pri Mariboru 42\/c&#8220; text=&#8220;2211 Pesnica pri Mariboru&#8220; link=&#8220;url:https%3A%2F%2Fgoo.gl%2Fmaps%2F3m27oxijt5L2|target:_blank&#8220;][\/vc_column][vc_column offset=&#8220;vc_col-lg-3 vc_col-md-6&#8243;][tm_box_icon style=&#8220;12&#8243; align=&#8220;center&#8220; icon_type=&#8220;fontawesome5&#8243; icon_fontawesome5=&#8220;fal fa-phone&#8220; heading=&#8220;070 595 400&#8243; text=&#8220;Telefonski kontakt&#8220; link=&#8220;url:tel%3A%2B38670595400&#8243;][\/vc_column][vc_column offset=&#8220;vc_col-lg-3 vc_col-md-6&#8243;][tm_box_icon style=&#8220;12&#8243; align=&#8220;center&#8220; icon_type=&#8220;fontawesome5&#8243; icon_fontawesome5=&#8220;fal fa-envelope&#8220; heading=&#8220;ord4@corona-dentis.si&#8220; text=&#8220;Po\u0161iljite nam e-po\u0161to&#8220; link=&#8220;url:mailto%3Aord4%40corona-dentis.si&#8220;][\/vc_column][vc_column offset=&#8220;vc_col-lg-3 vc_col-md-6&#8243;][tm_box_icon style=&#8220;12&#8243; align=&#8220;center&#8220; icon_type=&#8220;fontawesome5&#8243; icon_fontawesome5=&#8220;fal fa-globe&#8220; heading=&#8220;www.corona-dentis.si&#8220; text=&#8220;Spletno mesto&#8220; link=&#8220;url:https%3A%2F%2Fwww.corona-dentis.si&#8220;][\/vc_column][\/vc_row][vc_row full_width=&#8220;stretch_row&#8220; background_color=&#8220;primary&#8220; lg_spacing=&#8220;padding_top:23;padding_bottom:27&#8243;][vc_column][tm_heading custom_google_font=&#8220;&#8220; align=&#8220;center&#8220; text_color=&#8220;custom&#8220; custom_text_color=&#8220;#ffffff&#8220; icon_type=&#8220;fontawesome5&#8243; icon_fontawesome5=&#8220;fal fa-map-marker-alt&#8220; text=&#8220;Obi\u0161\u010dite nas v na\u0161em zobozdravstvenem centru&#8220; font_size=&#8220;lg:26&#8243; icon_font_size=&#8220;lg:36&#8243; link=&#8220;https:\/\/goo.gl\/maps\/3m27oxijt5L2&#8243;][\/vc_column][\/vc_row]<\/p>\n<\/div>","protected":false},"excerpt":{"rendered":"<p>[vc_row full_width=&#8220;stretch_row&#8220; content_placement=&#8220;middle&#8220; lg_spacing=&#8220;padding_top:100;padding_bottom:10&#8243; gutter=&#8220;xs:30;sm:50;md:70;lg:100&#8243;][vc_column offset=&#8220;vc_col-lg-6&#8243;][tm_heading custom_google_font=&#8220;&#8220; text=&#8220;Zobozdravstvena ordinacija 4&#8243; font_size=&#8220;sm:36;lg:42&#8243;][tm_spacer size=&#8220;lg:20&#8243;][tm_heading tag=&#8220;div&#8220; custom_google_font=&#8220;&#8220; text=&#8220;Ordinacija se nahaja v prvem nadstropju in izvaja zobozdravstvene storitve za samopla\u010dnike, prav tako pa nudi storitve tudi za koncesijske paciente.&#8220; font_size=&#8220;lg:17&#8243;][tm_spacer size=&#8220;lg:50&#8243;][tm_box_icon style=&#8220;10&#8243; icon_type=&#8220;smilepure&#8220; icon_smilepure=&#8220;smilepure-dentist-1&#8243; lg_spacing=&#8220;margin_bottom:40&#8243; text=&#8220;Medicinsko osebje: Nika Preksavec&#8220;][vc_row_inner][vc_column_inner width=&#8220;1\/2&#8243;][tm_box_icon style=&#8220;10&#8243; icon_type=&#8220;themify&#8220; icon_themify=&#8220;ion-ios-telephone&#8220; heading=&#8220;070 595 400&#8243; lg_spacing=&#8220;margin_bottom:40&#8243; text=&#8220;Pokli\u010dite nas!&#8220; link=&#8220;url:tel%3A%2B38670595400&#8243;][\/vc_column_inner][vc_column_inner width=&#8220;1\/2&#8243;][tm_box_icon style=&#8220;10&#8243; icon_type=&#8220;fontawesome5&#8243; icon_fontawesome5=&#8220;fal fa-envelope&#8220; heading=&#8220;ord4@corona-dentis.si&#8220; text=&#8220;Po\u0161iljite nam e-po\u0161to&#8220; link=&#8220;url:mailto%3Aord4%40corona-dentis.si&#8220;][\/vc_column_inner][\/vc_row_inner][vc_row_inner][vc_column_inner width=&#8220;1\/2&#8243;][tm_box_icon style=&#8220;10&#8243; icon_type=&#8220;fontawesome5&#8243; icon_fontawesome5=&#8220;fal fa-user-clock&#8220; heading=&#8220;Samopla\u010dni\u0161ki delovni \u010das:&#8220; text=&#8220;\/&#8220; lg_spacing=&#8220;margin_bottom:40&#8243;][\/vc_column_inner][vc_column_inner width=&#8220;1\/2&#8243;][tm_box_icon style=&#8220;10&#8243; icon_type=&#8220;fontawesome5&#8243; icon_fontawesome5=&#8220;fal fa-user-clock&#8220; heading=&#8220;Koncesijski delovni \u010das:&#8220; text=&#8220;\/&#8220; lg_spacing=&#8220;margin_bottom:40&#8243;][\/vc_column_inner][\/vc_row_inner][vc_column_text]Vas zanimajo na\u0161e ostale ordinacije? Ve\u010d lahko izveste TUKAJ.[\/vc_column_text][\/vc_column][vc_column offset=&#8220;vc_col-lg-6&#8243;][tm_image align=&#8220;right&#8220; md_align=&#8220;left&#8220; sm_align=&#8220;left&#8220; xs_align=&#8220;left&#8220; image=&#8220;787&#8243;][\/vc_column][\/vc_row][vc_row full_width=&#8220;stretch_row&#8220; lg_spacing=&#8220;padding_top:60;padding_bottom:60&#8243;][vc_column][tm_heading custom_google_font=&#8220;&#8220; align=&#8220;center&#8220; text=&#8220;Vse storitve na enem mestu&#8220; font_size=&#8220;sm:36;lg:42&#8243;][tm_spacer size=&#8220;lg:20&#8243;][tm_heading tag=&#8220;div&#8220; custom_google_font=&#8220;&#8220; align=&#8220;center&#8220; text=&#8220;Nudimo vam paleto zobozdravstvenih storitev, ki bodo re\u0161ile tako va\u0161e zdravstvene te\u017eave kakor tudi estetiko va\u0161ih zob.&#8220; font_size=&#8220;lg:17&#8243; max_width=&#8220;630px&#8220;][tm_spacer size=&#8220;lg:60&#8243;][tm_service style=&#8220;carousel_07&#8243; carousel_nav=&#8220;3&#8243; carousel_pagination=&#8220;1&#8243; carousel_gutter=&#8220;30&#8243; number=&#8220;20&#8243; carousel_items_display=&#8220;xs:1;sm:2;md:3;lg:3&#8243; carousel_auto_play=&#8220;5000&#8243;][tm_spacer size=&#8220;lg:60&#8243;][vc_column_text] Izvedite ve\u010d podrobnosti o na\u0161ih storitvah \u00bb [\/vc_column_text][\/vc_column][\/vc_row][vc_row full_width=&#8220;stretch_row_content_no_spaces&#8220;][vc_column][vc_separator color=&#8220;custom&#8220; accent_color=&#8220;#eeeeee&#8220;][\/vc_column][\/vc_row][vc_row column_separator=&#8220;01&#8243; lg_spacing=&#8220;padding_top:60&#8243; md_spacing=&#8220;padding_top:90;padding_bottom:30&#8243;][vc_column offset=&#8220;vc_col-lg-3 vc_col-md-6&#8243;][tm_box_icon style=&#8220;12&#8243; align=&#8220;center&#8220; icon_type=&#8220;fontawesome5&#8243; icon_fontawesome5=&#8220;fal fa-map-marker-alt&#8220; heading=&#8220;Pesnica pri Mariboru 42\/c&#8220; text=&#8220;2211 Pesnica pri Mariboru&#8220; link=&#8220;url:https%3A%2F%2Fgoo.gl%2Fmaps%2F3m27oxijt5L2|target:_blank&#8220;][\/vc_column][vc_column offset=&#8220;vc_col-lg-3 vc_col-md-6&#8243;][tm_box_icon style=&#8220;12&#8243; align=&#8220;center&#8220; icon_type=&#8220;fontawesome5&#8243; icon_fontawesome5=&#8220;fal fa-phone&#8220; heading=&#8220;070 595 400&#8243; text=&#8220;Telefonski kontakt&#8220; link=&#8220;url:tel%3A%2B38670595400&#8243;][\/vc_column][vc_column offset=&#8220;vc_col-lg-3 vc_col-md-6&#8243;][tm_box_icon style=&#8220;12&#8243; align=&#8220;center&#8220; icon_type=&#8220;fontawesome5&#8243; icon_fontawesome5=&#8220;fal fa-envelope&#8220; heading=&#8220;ord4@corona-dentis.si&#8220; text=&#8220;Po\u0161iljite nam e-po\u0161to&#8220; link=&#8220;url:mailto%3Aord4%40corona-dentis.si&#8220;][\/vc_column][vc_column offset=&#8220;vc_col-lg-3 vc_col-md-6&#8243;][tm_box_icon style=&#8220;12&#8243; align=&#8220;center&#8220; icon_type=&#8220;fontawesome5&#8243; icon_fontawesome5=&#8220;fal fa-globe&#8220; heading=&#8220;www.corona-dentis.si&#8220; text=&#8220;Spletno mesto&#8220; link=&#8220;url:https%3A%2F%2Fwww.corona-dentis.si&#8220;][\/vc_column][\/vc_row][vc_row full_width=&#8220;stretch_row&#8220; background_color=&#8220;primary&#8220; lg_spacing=&#8220;padding_top:23;padding_bottom:27&#8243;][vc_column][tm_heading custom_google_font=&#8220;&#8220; align=&#8220;center&#8220; text_color=&#8220;custom&#8220; custom_text_color=&#8220;#ffffff&#8220; icon_type=&#8220;fontawesome5&#8243; icon_fontawesome5=&#8220;fal fa-map-marker-alt&#8220; text=&#8220;Obi\u0161\u010dite nas v na\u0161em zobozdravstvenem centru&#8220; font_size=&#8220;lg:26&#8243; icon_font_size=&#8220;lg:36&#8243; link=&#8220;https:\/\/goo.gl\/maps\/3m27oxijt5L2&#8243;][\/vc_column][\/vc_row]<\/p>\n","protected":false},"author":1,"featured_media":0,"parent":4154,"menu_order":0,"comment_status":"closed","ping_status":"closed","template":"","meta":{"footnotes":""},"class_list":["post-4172","page","type-page","status-publish","hentry"],"_links":{"self":[{"href":"https:\/\/corona-dentis.si\/de\/wp-json\/wp\/v2\/pages\/4172","targetHints":{"allow":["GET"]}}],"collection":[{"href":"https:\/\/corona-dentis.si\/de\/wp-json\/wp\/v2\/pages"}],"about":[{"href":"https:\/\/corona-dentis.si\/de\/wp-json\/wp\/v2\/types\/page"}],"author":[{"embeddable":true,"href":"https:\/\/corona-dentis.si\/de\/wp-json\/wp\/v2\/users\/1"}],"replies":[{"embeddable":true,"href":"https:\/\/corona-dentis.si\/de\/wp-json\/wp\/v2\/comments?post=4172"}],"version-history":[{"count":1,"href":"https:\/\/corona-dentis.si\/de\/wp-json\/wp\/v2\/pages\/4172\/revisions"}],"predecessor-version":[{"id":4173,"href":"https:\/\/corona-dentis.si\/de\/wp-json\/wp\/v2\/pages\/4172\/revisions\/4173"}],"up":[{"embeddable":true,"href":"https:\/\/corona-dentis.si\/de\/wp-json\/wp\/v2\/pages\/4154"}],"wp:attachment":[{"href":"https:\/\/corona-dentis.si\/de\/wp-json\/wp\/v2\/media?parent=4172"}],"curies":[{"name":"wp","href":"https:\/\/api.w.org\/{rel}","templated":true}]}}