{"id":4177,"date":"2022-09-22T12:49:59","date_gmt":"2022-09-22T12:49:59","guid":{"rendered":"https:\/\/corona-dentis.si\/kontakt\/"},"modified":"2026-05-14T09:35:47","modified_gmt":"2026-05-14T09:35:47","slug":"kontakt","status":"publish","type":"page","link":"https:\/\/corona-dentis.si\/de\/kontakt\/","title":{"rendered":"Kontakt"},"content":{"rendered":"<div class=\"wpb-content-wrapper\"><p>[vc_row lg_spacing=&#8220;padding_top:50&#8243;][vc_column width=&#8220;1\/3&#8243;][tm_box_icon style=&#8220;12&#8243; align=&#8220;center&#8220; icon_type=&#8220;smilepure&#8220; icon_smilepure=&#8220;smilepure-dentist-1&#8243; heading=&#8220;Behandlungsraum 1 \u2013 Jovan Pe\u0161evski, dr. dent. med.&#8220; link=&#8220;url:tel%3A%2B38670595100|title:00386%2070%20595%20100&#8243; lg_spacing=&#8220;margin_bottom:50&#8243; text=&#8220;Telefonnummer: 00386 70 595 100&#8243; button=&#8220;url:https%3A%2F%2Fcorona-dentis.si%2Fde%2Fordinationen%2Fbehandlungsraum-1%2F|title:Mehr%20Informationen%20&#8230;&#8220;][\/vc_column][vc_column width=&#8220;1\/3&#8243;][tm_box_icon style=&#8220;12&#8243; align=&#8220;center&#8220; icon_type=&#8220;smilepure&#8220; icon_smilepure=&#8220;smilepure-dentist-1&#8243; heading=&#8220;Behandlungsraum 2 \u2013 Lazar Aleksi\u0107, dr. dent. med.&#8220; lg_spacing=&#8220;margin_bottom:50&#8243; button=&#8220;url:https%3A%2F%2Fcorona-dentis.si%2Fde%2Fordinationen%2Fbehandlungsraum-2%2F|title:Mehr%20Informationen%20&#8230;&#8220; text=&#8220;Telefonnummer: 00386 70 595 200&#8243; link=&#8220;url:tel%3A0038670595200|title:00386%2070%20595%20200&#8243;][\/vc_column][vc_column width=&#8220;1\/3&#8243;][tm_box_icon style=&#8220;12&#8243; align=&#8220;center&#8220; icon_type=&#8220;smilepure&#8220; icon_smilepure=&#8220;smilepure-dentist-1&#8243; heading=&#8220;Behandlungsraum 3 \u2013 Bla\u017e Fluher, dr. dent. med.&#8220; link=&#8220;url:tel%3A%2B38670595300|title:070%20595%20300&#8243; lg_spacing=&#8220;margin_bottom:50&#8243; text=&#8220;Telefonnummer: 00386 70 595 300&#8243; button=&#8220;url:https%3A%2F%2Fcorona-dentis.si%2Fde%2Fordinationen%2Fbehandlungsraum-3%2F|title:Mehr%20Informationen%20&#8230;&#8220;][\/vc_column][\/vc_row][vc_row lg_spacing=&#8220;padding_top:15&#8243;][vc_column width=&#8220;1\/3&#8243;][tm_box_icon style=&#8220;12&#8243; align=&#8220;center&#8220; icon_type=&#8220;smilepure&#8220; icon_smilepure=&#8220;smilepure-dentist-1&#8243; heading=&#8220;Behandlungsraum 4&#8243; link=&#8220;url:tel%3A%2B38670595400|title:070%20595%20400&#8243; lg_spacing=&#8220;margin_bottom:50&#8243; text=&#8220;Telefonnummer: 00386 70 595 400&#8243; button=&#8220;url:https%3A%2F%2Fcorona-dentis.si%2Fde%2Fordinationen%2Fbehandlungsraum-4%2F|title:Mehr%20Informationen%20&#8230;&#8220;][\/vc_column][vc_column width=&#8220;1\/3&#8243;][tm_box_icon style=&#8220;12&#8243; align=&#8220;center&#8220; icon_type=&#8220;smilepure&#8220; icon_smilepure=&#8220;smilepure-dentist-1&#8243; heading=&#8220;Behandlungsraum 5 (Kieferorthop\u00e4die) \u2013 Nade\u017eda Stanojevi\u0107, dr. dent. med.&#8220; link=&#8220;url:tel%3A%2B38670717100|title:070%20717%20100&#8243; lg_spacing=&#8220;margin_bottom:50&#8243; text=&#8220;Telefonnummer: 00386 70 717 100&#8243; button=&#8220;url:https%3A%2F%2Fcorona-dentis.si%2Fde%2Fordinationen%2Fbehandlungsraum-5%2F|title:Mehr%20Informationen%20&#8230;&#8220;][\/vc_column][vc_column width=&#8220;1\/3&#8243;][tm_box_icon style=&#8220;12&#8243; align=&#8220;center&#8220; icon_type=&#8220;smilepure&#8220; icon_smilepure=&#8220;smilepure-dentist-1&#8243; heading=&#8220;Behandlungsraum 6 \u2013 Sara Pe\u0161ec, dr. dent. med.&#8220; link=&#8220;url:tel%3A%2B38670595000|title:070%20595%20000&#8243; lg_spacing=&#8220;margin_bottom:50&#8243; text=&#8220;Telefonnummer: 00386 70 595 000&#8243; button=&#8220;url:https%3A%2F%2Fcorona-dentis.si%2Fde%2Fordinationen%2Fbehandlungsraum-6%2F|title:Mehr%20Informationen%20&#8230;&#8220;][\/vc_column][\/vc_row][vc_row full_width=&#8220;stretch_row&#8220; lg_spacing=&#8220;padding_top:50;padding_bottom:50&#8243;][vc_column offset=&#8220;vc_col-lg-7 vc_col-md-8&#8243;][tm_heading custom_google_font=&#8220;&#8220; text=&#8220;Haben Sie Fragen? Schreiben Sie uns &#8230;&#8220; font_size=&#8220;lg:42&#8243;][tm_spacer size=&#8220;lg:20&#8243;][tm_heading tag=&#8220;div&#8220; custom_google_font=&#8220;&#8220; text=&#8220;F\u00fcr alle Fragen stehen wir Ihnen telefonisch oder \u00fcber das untenstehende Kontaktformular zur Verf\u00fcgung.<\/p>\n<p>Sie finden uns in Pesnica pri Mariboru \u2013 nur 7 km vom Stadtzentrum Maribor und 10 km vom Grenz\u00fcbergang Spielfeld (\u0160entilj) entfernt \u2013 im 1. Stock des Gesundheitszentrums Corona, hinter dem Gesch\u00e4fts- und Einkaufszentrum. Ein gro\u00dfer kostenloser Parkplatz sowie kostenloses Internet stehen Ihnen ebenfalls zur Verf\u00fcgung.&#8220; font_size=&#8220;lg:17&#8243;][tm_spacer size=&#8220;lg:30&#8243;][tm_contact_form_7 id=&#8220;2799&#8243;][tm_spacer size=&#8220;lg:60&#8243;][\/vc_column][vc_column offset=&#8220;vc_col-lg-offset-1 vc_col-lg-4 vc_col-md-4&#8243;][vc_row_inner box_shadow=&#8220;0 0 40px rgba(0,0,0,0.06)&#8220; lg_spacing=&#8220;margin_right:0;margin_left:0&#8243;][vc_column_inner][tm_spacer size=&#8220;lg:50&#8243;][tm_box_icon style=&#8220;12&#8243; align=&#8220;center&#8220; icon_type=&#8220;fontawesome5&#8243; icon_fontawesome5=&#8220;fal fa-map-marker-alt&#8220; heading=&#8220;Wo Sie uns finden&#8220; lg_spacing=&#8220;margin_bottom:50&#8243; link=&#8220;url:https%3A%2F%2Fg.page%2FCorona-Dentis%3Fshare&#8220; text=&#8220;Pesnica pri Mariboru 42c<br \/>\n2211 Pesnica pri Mariboru&#8220;][tm_box_icon style=&#8220;12&#8243; align=&#8220;center&#8220; icon_type=&#8220;fontawesome5&#8243; icon_fontawesome5=&#8220;fal fa-envelope&#8220; heading=&#8220;info@corona-dentis.si&#8220; text=&#8220;Senden Sie uns eine Nachricht&#8220; link=&#8220;url:mailto%3Ainfo%40corona-dentis.si&#8220; lg_spacing=&#8220;margin_bottom:50&#8243;][tm_box_icon style=&#8220;12&#8243; align=&#8220;center&#8220; icon_type=&#8220;fontawesome5&#8243; icon_fontawesome5=&#8220;fal fa-clock&#8220; heading=&#8220;\u00d6ffnungszeiten&#8220; text=&#8220;Nach einzelnen Ordinationen&#8220; link=&#8220;url:https%3A%2F%2Fcorona-dentis.si%2Fordinacije%2F|title:Ordinationen&#8220; lg_spacing=&#8220;margin_bottom:50&#8243;][tm_spacer size=&#8220;lg:10&#8243;][\/vc_column_inner][\/vc_row_inner][tm_spacer size=&#8220;lg:60&#8243;][\/vc_column][\/vc_row]<\/p>\n<\/div>","protected":false},"excerpt":{"rendered":"<p>[vc_row lg_spacing=&#8220;padding_top:50&#8243;][vc_column width=&#8220;1\/3&#8243;][tm_box_icon style=&#8220;12&#8243; align=&#8220;center&#8220; icon_type=&#8220;smilepure&#8220; icon_smilepure=&#8220;smilepure-dentist-1&#8243; heading=&#8220;Behandlungsraum 1 \u2013 Jovan Pe\u0161evski, dr. dent. med.&#8220; link=&#8220;url:tel%3A%2B38670595100|title:00386%2070%20595%20100&#8243; lg_spacing=&#8220;margin_bottom:50&#8243; text=&#8220;Telefonnummer: 00386 70 595 100&#8243; button=&#8220;url:https%3A%2F%2Fcorona-dentis.si%2Fde%2Fordinationen%2Fbehandlungsraum-1%2F|title:Mehr%20Informationen%20&#8230;&#8220;][\/vc_column][vc_column width=&#8220;1\/3&#8243;][tm_box_icon style=&#8220;12&#8243; align=&#8220;center&#8220; icon_type=&#8220;smilepure&#8220; icon_smilepure=&#8220;smilepure-dentist-1&#8243; heading=&#8220;Behandlungsraum 2 \u2013 Lazar Aleksi\u0107, dr. dent. med.&#8220; lg_spacing=&#8220;margin_bottom:50&#8243; button=&#8220;url:https%3A%2F%2Fcorona-dentis.si%2Fde%2Fordinationen%2Fbehandlungsraum-2%2F|title:Mehr%20Informationen%20&#8230;&#8220; text=&#8220;Telefonnummer: 00386 70 595 200&#8243; link=&#8220;url:tel%3A0038670595200|title:00386%2070%20595%20200&#8243;][\/vc_column][vc_column width=&#8220;1\/3&#8243;][tm_box_icon style=&#8220;12&#8243; align=&#8220;center&#8220; icon_type=&#8220;smilepure&#8220; icon_smilepure=&#8220;smilepure-dentist-1&#8243; heading=&#8220;Behandlungsraum 3 \u2013 Bla\u017e Fluher, dr. dent. med.&#8220; link=&#8220;url:tel%3A%2B38670595300|title:070%20595%20300&#8243; lg_spacing=&#8220;margin_bottom:50&#8243; text=&#8220;Telefonnummer: 00386 70 595 300&#8243; button=&#8220;url:https%3A%2F%2Fcorona-dentis.si%2Fde%2Fordinationen%2Fbehandlungsraum-3%2F|title:Mehr%20Informationen%20&#8230;&#8220;][\/vc_column][\/vc_row][vc_row lg_spacing=&#8220;padding_top:15&#8243;][vc_column width=&#8220;1\/3&#8243;][tm_box_icon style=&#8220;12&#8243; align=&#8220;center&#8220; icon_type=&#8220;smilepure&#8220; icon_smilepure=&#8220;smilepure-dentist-1&#8243; heading=&#8220;Behandlungsraum 4&#8243; link=&#8220;url:tel%3A%2B38670595400|title:070%20595%20400&#8243; lg_spacing=&#8220;margin_bottom:50&#8243; text=&#8220;Telefonnummer: 00386 70 595 400&#8243; button=&#8220;url:https%3A%2F%2Fcorona-dentis.si%2Fde%2Fordinationen%2Fbehandlungsraum-4%2F|title:Mehr%20Informationen%20&#8230;&#8220;][\/vc_column][vc_column width=&#8220;1\/3&#8243;][tm_box_icon style=&#8220;12&#8243; align=&#8220;center&#8220; icon_type=&#8220;smilepure&#8220; icon_smilepure=&#8220;smilepure-dentist-1&#8243; heading=&#8220;Behandlungsraum 5 (Kieferorthop\u00e4die) \u2013 Nade\u017eda Stanojevi\u0107, dr. dent. med.&#8220; link=&#8220;url:tel%3A%2B38670717100|title:070%20717%20100&#8243; lg_spacing=&#8220;margin_bottom:50&#8243; text=&#8220;Telefonnummer: 00386 70 717 100&#8243; button=&#8220;url:https%3A%2F%2Fcorona-dentis.si%2Fde%2Fordinationen%2Fbehandlungsraum-5%2F|title:Mehr%20Informationen%20&#8230;&#8220;][\/vc_column][vc_column width=&#8220;1\/3&#8243;][tm_box_icon style=&#8220;12&#8243; align=&#8220;center&#8220; icon_type=&#8220;smilepure&#8220; icon_smilepure=&#8220;smilepure-dentist-1&#8243; heading=&#8220;Behandlungsraum 6 \u2013 Sara Pe\u0161ec, dr. dent. med.&#8220; link=&#8220;url:tel%3A%2B38670595000|title:070%20595%20000&#8243; lg_spacing=&#8220;margin_bottom:50&#8243; text=&#8220;Telefonnummer: 00386 70 595 000&#8243; button=&#8220;url:https%3A%2F%2Fcorona-dentis.si%2Fde%2Fordinationen%2Fbehandlungsraum-6%2F|title:Mehr%20Informationen%20&#8230;&#8220;][\/vc_column][\/vc_row][vc_row full_width=&#8220;stretch_row&#8220; lg_spacing=&#8220;padding_top:50;padding_bottom:50&#8243;][vc_column offset=&#8220;vc_col-lg-7 vc_col-md-8&#8243;][tm_heading custom_google_font=&#8220;&#8220; text=&#8220;Haben Sie Fragen? Schreiben Sie uns &#8230;&#8220; font_size=&#8220;lg:42&#8243;][tm_spacer size=&#8220;lg:20&#8243;][tm_heading tag=&#8220;div&#8220; custom_google_font=&#8220;&#8220; text=&#8220;F\u00fcr alle Fragen stehen wir Ihnen telefonisch oder \u00fcber das untenstehende Kontaktformular zur Verf\u00fcgung. Sie finden uns in Pesnica pri Mariboru \u2013 nur 7 km vom Stadtzentrum Maribor und 10 km vom Grenz\u00fcbergang Spielfeld (\u0160entilj) entfernt \u2013 im 1. Stock des Gesundheitszentrums Corona, hinter dem Gesch\u00e4fts- und Einkaufszentrum. Ein gro\u00dfer kostenloser Parkplatz sowie kostenloses Internet stehen Ihnen ebenfalls zur Verf\u00fcgung.&#8220; font_size=&#8220;lg:17&#8243;][tm_spacer size=&#8220;lg:30&#8243;][tm_contact_form_7 id=&#8220;2799&#8243;][tm_spacer size=&#8220;lg:60&#8243;][\/vc_column][vc_column offset=&#8220;vc_col-lg-offset-1 vc_col-lg-4 vc_col-md-4&#8243;][vc_row_inner box_shadow=&#8220;0 0 40px rgba(0,0,0,0.06)&#8220; lg_spacing=&#8220;margin_right:0;margin_left:0&#8243;][vc_column_inner][tm_spacer size=&#8220;lg:50&#8243;][tm_box_icon style=&#8220;12&#8243; align=&#8220;center&#8220; icon_type=&#8220;fontawesome5&#8243; icon_fontawesome5=&#8220;fal fa-map-marker-alt&#8220; heading=&#8220;Wo Sie uns finden&#8220; lg_spacing=&#8220;margin_bottom:50&#8243; link=&#8220;url:https%3A%2F%2Fg.page%2FCorona-Dentis%3Fshare&#8220; text=&#8220;Pesnica pri Mariboru 42c 2211 Pesnica pri Mariboru&#8220;][tm_box_icon style=&#8220;12&#8243; align=&#8220;center&#8220; icon_type=&#8220;fontawesome5&#8243; icon_fontawesome5=&#8220;fal fa-envelope&#8220; heading=&#8220;info@corona-dentis.si&#8220; text=&#8220;Senden Sie uns eine Nachricht&#8220; link=&#8220;url:mailto%3Ainfo%40corona-dentis.si&#8220; lg_spacing=&#8220;margin_bottom:50&#8243;][tm_box_icon style=&#8220;12&#8243; align=&#8220;center&#8220; icon_type=&#8220;fontawesome5&#8243; icon_fontawesome5=&#8220;fal fa-clock&#8220; heading=&#8220;\u00d6ffnungszeiten&#8220; text=&#8220;Nach einzelnen Ordinationen&#8220; link=&#8220;url:https%3A%2F%2Fcorona-dentis.si%2Fordinacije%2F|title:Ordinationen&#8220; lg_spacing=&#8220;margin_bottom:50&#8243;][tm_spacer size=&#8220;lg:10&#8243;][\/vc_column_inner][\/vc_row_inner][tm_spacer size=&#8220;lg:60&#8243;][\/vc_column][\/vc_row]<\/p>\n","protected":false},"author":1,"featured_media":0,"parent":0,"menu_order":0,"comment_status":"closed","ping_status":"closed","template":"","meta":{"footnotes":""},"class_list":["post-4177","page","type-page","status-publish","hentry"],"_links":{"self":[{"href":"https:\/\/corona-dentis.si\/de\/wp-json\/wp\/v2\/pages\/4177","targetHints":{"allow":["GET"]}}],"collection":[{"href":"https:\/\/corona-dentis.si\/de\/wp-json\/wp\/v2\/pages"}],"about":[{"href":"https:\/\/corona-dentis.si\/de\/wp-json\/wp\/v2\/types\/page"}],"author":[{"embeddable":true,"href":"https:\/\/corona-dentis.si\/de\/wp-json\/wp\/v2\/users\/1"}],"replies":[{"embeddable":true,"href":"https:\/\/corona-dentis.si\/de\/wp-json\/wp\/v2\/comments?post=4177"}],"version-history":[{"count":6,"href":"https:\/\/corona-dentis.si\/de\/wp-json\/wp\/v2\/pages\/4177\/revisions"}],"predecessor-version":[{"id":4183,"href":"https:\/\/corona-dentis.si\/de\/wp-json\/wp\/v2\/pages\/4177\/revisions\/4183"}],"wp:attachment":[{"href":"https:\/\/corona-dentis.si\/de\/wp-json\/wp\/v2\/media?parent=4177"}],"curies":[{"name":"wp","href":"https:\/\/api.w.org\/{rel}","templated":true}]}}